{"id":26065,"date":"2020-02-19T13:44:04","date_gmt":"2020-02-19T12:44:05","guid":{"rendered":"https:\/\/newgarden.es\/?post_type=product&#038;p=26065"},"modified":"2024-06-13T09:33:09","modified_gmt":"2024-06-13T07:33:09","slug":"bora-farbe","status":"publish","type":"product","link":"https:\/\/developing.newgarden.es\/de\/shop\/moebel\/sitzgelegenheiten\/bora-farbe\/","title":{"rendered":"COUCHTISCH FARBE BORA"},"content":{"rendered":"<section class=\"wpb-content-wrapper\"><p>[vc_row][vc_column el_class=&#8221;descripcion_producto&#8221;][vc_column_text]<\/p>\n<p style=\"text-align: justify;\">La Mesita Bora, es una de las Novedades estrella de Newgarden.<\/p>\n<p style=\"text-align: justify;\">Su forma c\u00fabica combina en cualquier espacio de exterior o interior, jard\u00edn, negocio o en cualquier rinc\u00f3n de nuestro hogar.<\/p>\n<p style=\"text-align: justify;\">Es un modelo de mesita muy estable y modular, puedes encontrarla con la tapa superior con efecto bamb\u00fa o con efecto m\u00e1rmol. Adem\u00e1s, est\u00e1 disponible con opci\u00f3n de <a href=\"https:\/\/developing.newgarden.es\/shop\/coleccion\/lightdeco\/mesa-bora\/\">iluminaci\u00f3n por cable<\/a> con luz fr\u00eda y en color blanco opaco.<\/p>\n<p style=\"text-align: justify;\"><em>El modelo Bora est\u00e1 fabricado en polietileno por lo que es ligero y muy resistentes a temperaturas extremas. Tambi\u00e9n est\u00e1 protegido contra los rayos UV, haciendo que la vida \u00fatil del producto sea extraordinariamente larga. \u00a0<\/em><\/p>\n<p>[\/vc_column_text][\/vc_column][\/vc_row][vc_row disable_element=&#8221;yes&#8221;][vc_column][vc_single_image image=&#8221;6566&#8243; img_size=&#8221;full&#8221;][\/vc_column][\/vc_row][vc_row][vc_column width=&#8221;1\/2&#8243;][vc_btn title=&#8221;Technisches Datenblatt&#8221; style=&#8221;custom&#8221; custom_background=&#8221;#009bc2&#8243; custom_text=&#8221;#ffffff&#8221; shape=&#8221;square&#8221; link=&#8221;url:https%3A%2F%2Fbit.ly%2F3ycMLDj|target:%20_blank|&#8221; el_class=&#8221;btn_descargar_ficha&#8221;][\/vc_column][vc_column width=&#8221;1\/2&#8243;][\/vc_column][\/vc_row]<\/p>\n<\/section>","protected":false},"excerpt":{"rendered":"<h1 style=\"font-size: 12px;\">COUCHTISCH FARBE BORA<\/h1>\n","protected":false},"featured_media":63417,"template":"","meta":[],"product_cat":[763,772,773],"product_tag":[793,765,789],"class_list":{"0":"post-26065","1":"product","2":"type-product","3":"status-publish","4":"has-post-thumbnail","6":"product_cat-lightdeco-de","7":"product_cat-moebel","8":"product_cat-sitzgelegenheiten","9":"product_tag-drahtlose","10":"product_tag-kabel","11":"product_tag-solar-de","13":"first","14":"instock","15":"taxable","16":"shipping-taxable","17":"purchasable","18":"product-type-variable"},"df_price":119,"df_sale_price":"","df_regular_price":119,"df_image_link":"https:\/\/developing.newgarden.es\/wp-content\/uploads\/2020\/02\/bora_1200x1200-6-300x300.jpg","_links":{"self":[{"href":"https:\/\/developing.newgarden.es\/de\/wp-json\/wp\/v2\/product\/26065"}],"collection":[{"href":"https:\/\/developing.newgarden.es\/de\/wp-json\/wp\/v2\/product"}],"about":[{"href":"https:\/\/developing.newgarden.es\/de\/wp-json\/wp\/v2\/types\/product"}],"wp:featuredmedia":[{"embeddable":true,"href":"https:\/\/developing.newgarden.es\/de\/wp-json\/wp\/v2\/media\/63417"}],"wp:attachment":[{"href":"https:\/\/developing.newgarden.es\/de\/wp-json\/wp\/v2\/media?parent=26065"}],"wp:term":[{"taxonomy":"product_cat","embeddable":true,"href":"https:\/\/developing.newgarden.es\/de\/wp-json\/wp\/v2\/product_cat?post=26065"},{"taxonomy":"product_tag","embeddable":true,"href":"https:\/\/developing.newgarden.es\/de\/wp-json\/wp\/v2\/product_tag?post=26065"}],"curies":[{"name":"wp","href":"https:\/\/api.w.org\/{rel}","templated":true}]}}