{"id":25897,"date":"2020-02-19T10:51:14","date_gmt":"2020-02-19T09:51:15","guid":{"rendered":"https:\/\/newgarden.es\/?post_type=product&#038;p=25897"},"modified":"2021-10-19T09:26:26","modified_gmt":"2021-10-19T07:26:26","slug":"stehleuchte-lola-slim-120","status":"publish","type":"product","link":"https:\/\/developing.newgarden.es\/de\/shop\/lightdeco-de\/stehlampe\/stehleuchte-lola-slim-120\/","title":{"rendered":"STEHLEUCHTE LOLA SLIM 120"},"content":{"rendered":"<section class=\"wpb-content-wrapper\"><p>[vc_row][vc_column el_class=&#8221;descripcion_producto&#8221;][vc_column_text]<\/p>\n<p style=\"text-align: justify;\">Stehleuchte Lola Slim 120: Stehlampe Lola Slim 120 ist eine der herausragendsten Neuheiten von Newgarden. Sie geh\u00f6rt aufgrund ihres eleganten Designs zur LOLA-Familie. Seine H\u00f6he macht dieses Produkt zu einer Lampe, die sich in jedem Raum vereinen l\u00e4sst, ohne seine \u00c4sthetik zu beeintr\u00e4chtigen. Ideal f\u00fcr jeden modernen Au\u00dfenbereich, Garten oder Gesch\u00e4ft.<\/p>\n<p>Die Lola Slim-Serie kann miteinander kombiniert werden, um unendliche Umgebungen zu schaffen. Erh\u00e4ltlich in verschiedenen H\u00f6hen: 30cm, 120cm. und 180cm. und in Ros\u00e9gold, Messing, Anthrazit und Space Grey Metallic.<\/p>\n<p>Die Lola Slim Stehleuchte ist mit Solarladung und wiederaufladbarem Akku erh\u00e4ltlich und hat eine hervorragende Lichtleistung.<\/p>\n<p>Newgarden-Produkte sind leicht und \u00e4u\u00dferst widerstandsf\u00e4hig gegen extreme Temperaturen. Sie sind auch vor UV-Strahlen gesch\u00fctzt, wodurch die Lebensdauer des Produkts extrem lang wird.<\/p>\n<p>Ma\u00dfe: (\u00f826&#215;119 cm).<\/p>\n<p style=\"text-align: justify;\"><em>Alle Newgarden-Produkte bestehen aus Polyethylen, sind also leicht und sehr widerstandsf\u00e4hig gegen extreme Temperaturen. Sie sind auch gegen UV-Strahlen gesch\u00fctzt, wodurch die Lebensdauer des Produkts au\u00dferordentlich lang ist. <\/em><\/p>\n<p>[\/vc_column_text][\/vc_column][\/vc_row][vc_row disable_element=&#8221;yes&#8221;][vc_column][vc_single_image image=&#8221;6566&#8243; img_size=&#8221;full&#8221;][\/vc_column][\/vc_row][vc_row][vc_column width=&#8221;1\/2&#8243;][vc_btn title=&#8221;Technisches Datenblatt&#8221; style=&#8221;custom&#8221; custom_background=&#8221;#009bc2&#8243; custom_text=&#8221;#ffffff&#8221; shape=&#8221;square&#8221; link=&#8221;url:https%3A%2F%2Fdeveloping.newgarden.es%2Fwp-content%2Fuploads%2F2017%2F08%2FLolaSlim.pdf|target:%20_blank|&#8221; el_class=&#8221;btn_descargar_ficha&#8221;][\/vc_column][vc_column width=&#8221;1\/2&#8243;][vc_btn title=&#8221;BEDIENUNGSANLEITUNG&#8221; style=&#8221;custom&#8221; custom_background=&#8221;#009bc2&#8243; custom_text=&#8221;#ffffff&#8221; shape=&#8221;square&#8221; link=&#8221;url:https%3A%2F%2Fdeveloping.newgarden.es%2Finstrucciones%2F||target:%20_blank|&#8221; el_class=&#8221;btn_descargar_ficha&#8221;][\/vc_column][\/vc_row]<\/p>\n<\/section>","protected":false},"excerpt":{"rendered":"<h1 style=\"font-size: 12px;\">Stehleuchte Lola Slim 120<\/h1>\n","protected":false},"featured_media":53512,"template":"","meta":[],"product_cat":[1696,763,767],"product_tag":[468],"class_list":{"0":"post-25897","1":"product","2":"type-product","3":"status-publish","4":"has-post-thumbnail","6":"product_cat-productos-de","7":"product_cat-lightdeco-de","8":"product_cat-stehlampe","9":"product_tag-cable","11":"first","12":"instock","13":"taxable","14":"shipping-taxable","15":"purchasable","16":"product-type-variable"},"df_price":131.1,"df_sale_price":"","df_regular_price":131.1,"df_image_link":"https:\/\/developing.newgarden.es\/wp-content\/uploads\/2020\/02\/LOLA_SLIM_120_BATTERY_1200X1200-7-300x300.jpg","_links":{"self":[{"href":"https:\/\/developing.newgarden.es\/de\/wp-json\/wp\/v2\/product\/25897"}],"collection":[{"href":"https:\/\/developing.newgarden.es\/de\/wp-json\/wp\/v2\/product"}],"about":[{"href":"https:\/\/developing.newgarden.es\/de\/wp-json\/wp\/v2\/types\/product"}],"wp:featuredmedia":[{"embeddable":true,"href":"https:\/\/developing.newgarden.es\/de\/wp-json\/wp\/v2\/media\/53512"}],"wp:attachment":[{"href":"https:\/\/developing.newgarden.es\/de\/wp-json\/wp\/v2\/media?parent=25897"}],"wp:term":[{"taxonomy":"product_cat","embeddable":true,"href":"https:\/\/developing.newgarden.es\/de\/wp-json\/wp\/v2\/product_cat?post=25897"},{"taxonomy":"product_tag","embeddable":true,"href":"https:\/\/developing.newgarden.es\/de\/wp-json\/wp\/v2\/product_tag?post=25897"}],"curies":[{"name":"wp","href":"https:\/\/api.w.org\/{rel}","templated":true}]}}