{"id":21964,"date":"2019-04-25T16:38:57","date_gmt":"2019-11-06T08:42:48","guid":{"rendered":"https:\/\/newgarden.es\/shop\/sin%20categor\u00eda\/robin-play-2\/"},"modified":"2019-12-23T10:11:28","modified_gmt":"2019-12-23T09:11:28","slug":"robin-play-2","status":"publish","type":"product","link":"https:\/\/developing.newgarden.es\/de\/shop\/lightdeco-de\/lautsprecher-lightdeco-de\/robin-play-2\/","title":{"rendered":"ROBIN PLAY"},"content":{"rendered":"<section class=\"wpb-content-wrapper\"><p>[vc_row][vc_column el_class=&#8221;descripcion_producto&#8221;][vc_column_text]<\/p>\n<p style=\"text-align: justify\"><em>*ROBIN PLAY: Lampe und Wireless-Lautsprecher in Form eines Sch\u00e4dels. Es umfasst zwei leistungsstarke Lautsprecher, so dass Sie Ihre Lieblingsmusik \u00fcber jedes Ger\u00e4t, das Bluetooth hat spielen k\u00f6nnen. Nimm es wo du willst! Genie\u00dfen Sie Stunden und Stunden von Licht und Sound ohne Unterbrechung. Kombiniere sie mit MELVIN und CALVIN, um originelle und bahnbrechende Kompositionen zu kreieren.<\/em><\/p>\n<p style=\"text-align: justify\"><em>Alle Newgarden-Produkte bestehen aus Polyethylen, sind also leicht und sehr widerstandsf\u00e4hig gegen extreme Temperaturen. Sie sind auch gegen UV-Strahlen gesch\u00fctzt, wodurch die Lebensdauer des Produkts au\u00dferordentlich lang ist. <\/em><\/p>\n<p>[\/vc_column_text][\/vc_column][\/vc_row][vc_row disable_element=&#8221;yes&#8221;][vc_column][vc_single_image image=&#8221;6566&#8243; img_size=&#8221;full&#8221;][\/vc_column][\/vc_row][vc_row][vc_column width=&#8221;1\/2&#8243;][vc_btn title=&#8221;Technisches Datenblatt&#8221; style=&#8221;custom&#8221; custom_background=&#8221;#009bc2&#8243; custom_text=&#8221;#ffffff&#8221; shape=&#8221;square&#8221; link=&#8221;url:http%3A%2F%2Fnewgarden.es%2Fwp-content%2Fuploads%2F2017%2F06%2FRobinPlay.pdf|target:%20_blank|&#8221; el_class=&#8221;btn_descargar_ficha&#8221;][\/vc_column][vc_column width=&#8221;1\/2&#8243;][vc_btn title=&#8221;BEDIENUNGSANLEITUNG&#8221; style=&#8221;custom&#8221; custom_background=&#8221;#009bc2&#8243; custom_text=&#8221;#ffffff&#8221; shape=&#8221;square&#8221; link=&#8221;url:https%3A%2F%2Fdeveloping.newgarden.es%2Finstrucciones%2F||target:%20_blank|&#8221; el_class=&#8221;btn_descargar_ficha&#8221;][\/vc_column][\/vc_row]<\/p>\n<\/section>","protected":false},"excerpt":{"rendered":"<h1 style=\"font-size: 12px\">Robin Play- tragbare Lampe mit Bluetooth-Lautsprecher<\/h1>\n","protected":false},"featured_media":56545,"template":"","meta":[],"product_cat":[763,826,779],"product_tag":[],"class_list":{"0":"post-21964","1":"product","2":"type-product","3":"status-publish","4":"has-post-thumbnail","6":"product_cat-lightdeco-de","7":"product_cat-tragbares","8":"product_cat-lautsprecher-lightdeco-de","10":"first","11":"instock","12":"taxable","13":"shipping-taxable","14":"purchasable","15":"product-type-variable"},"df_price":89,"df_sale_price":"","df_regular_price":89,"df_image_link":"https:\/\/developing.newgarden.es\/wp-content\/uploads\/2019\/04\/ROBIN_1200X1200-2-300x300.jpg","_links":{"self":[{"href":"https:\/\/developing.newgarden.es\/de\/wp-json\/wp\/v2\/product\/21964"}],"collection":[{"href":"https:\/\/developing.newgarden.es\/de\/wp-json\/wp\/v2\/product"}],"about":[{"href":"https:\/\/developing.newgarden.es\/de\/wp-json\/wp\/v2\/types\/product"}],"wp:featuredmedia":[{"embeddable":true,"href":"https:\/\/developing.newgarden.es\/de\/wp-json\/wp\/v2\/media\/56545"}],"wp:attachment":[{"href":"https:\/\/developing.newgarden.es\/de\/wp-json\/wp\/v2\/media?parent=21964"}],"wp:term":[{"taxonomy":"product_cat","embeddable":true,"href":"https:\/\/developing.newgarden.es\/de\/wp-json\/wp\/v2\/product_cat?post=21964"},{"taxonomy":"product_tag","embeddable":true,"href":"https:\/\/developing.newgarden.es\/de\/wp-json\/wp\/v2\/product_tag?post=21964"}],"curies":[{"name":"wp","href":"https:\/\/api.w.org\/{rel}","templated":true}]}}