{"id":21528,"date":"2019-04-25T16:42:21","date_gmt":"2019-11-04T12:45:02","guid":{"rendered":"https:\/\/newgarden.es\/shop\/sin%20categor\u00eda\/capri-40-color\/"},"modified":"2024-06-13T10:11:35","modified_gmt":"2024-06-13T08:11:35","slug":"capri-40-color","status":"publish","type":"product","link":"https:\/\/developing.newgarden.es\/de\/shop\/moebel\/tische-und-couchtische\/capri-40-color\/","title":{"rendered":"CAPRI 40 COLOUR"},"content":{"rendered":"<section class=\"wpb-content-wrapper\"><p>[vc_row][vc_column el_class=&#8221;descripcion_producto&#8221;][vc_column_text]<\/p>\n<p style=\"text-align: justify;\"><em>*CAPRI : Runder Tisch in verschiedenen H\u00f6hen. kombiniert mit MALLORCA, MENORCA oder CORFU, um Chillout-Umgebungen in Ihrem Zuhause oder Gesch\u00e4ft zu schaffen. Es hat eine Methacrylat-Platte, um den oberen Teil vor Reibung und Unregelm\u00e4\u00dfigkeiten zu sch\u00fctzen. <\/em><\/p>\n<p style=\"text-align: justify;\"><em>Alle Newgarden-Produkte bestehen aus Polyethylen, sind also leicht und sehr widerstandsf\u00e4hig gegen extreme Temperaturen. Sie sind auch gegen UV-Strahlen gesch\u00fctzt, wodurch die Lebensdauer des Produkts au\u00dferordentlich lang ist. <\/em><\/p>\n<p>[\/vc_column_text][\/vc_column][\/vc_row][vc_row disable_element=&#8221;yes&#8221;][vc_column][vc_single_image image=&#8221;6566&#8243; img_size=&#8221;full&#8221;][\/vc_column][\/vc_row][vc_row][vc_column width=&#8221;1\/2&#8243;][vc_btn title=&#8221;Technisches Datenblatt&#8221; style=&#8221;custom&#8221; custom_background=&#8221;#009bc2&#8243; custom_text=&#8221;#ffffff&#8221; shape=&#8221;square&#8221; link=&#8221;url:https%3A%2F%2Fbit.ly%2F3zURqtk|target:%20_blank|&#8221; el_class=&#8221;btn_descargar_ficha&#8221;][\/vc_column][\/vc_row]<\/p>\n<\/section>","protected":false},"excerpt":{"rendered":"<h1 style=\"font-size: 12px;\">CAPRI Outdoor Runder Tisch<\/h1>\n","protected":false},"featured_media":64222,"template":"","meta":[],"product_cat":[772,794],"product_tag":[],"class_list":{"0":"post-21528","1":"product","2":"type-product","3":"status-publish","4":"has-post-thumbnail","6":"product_cat-moebel","7":"product_cat-tische-und-couchtische","9":"first","10":"instock","11":"taxable","12":"shipping-taxable","13":"purchasable","14":"product-type-variable"},"df_price":129.2,"df_sale_price":"","df_regular_price":129.2,"df_image_link":"https:\/\/developing.newgarden.es\/wp-content\/uploads\/2019\/04\/CAPRI_40_SOLAR_OPACO_1200X1200-5-300x300.jpg","_links":{"self":[{"href":"https:\/\/developing.newgarden.es\/de\/wp-json\/wp\/v2\/product\/21528"}],"collection":[{"href":"https:\/\/developing.newgarden.es\/de\/wp-json\/wp\/v2\/product"}],"about":[{"href":"https:\/\/developing.newgarden.es\/de\/wp-json\/wp\/v2\/types\/product"}],"wp:featuredmedia":[{"embeddable":true,"href":"https:\/\/developing.newgarden.es\/de\/wp-json\/wp\/v2\/media\/64222"}],"wp:attachment":[{"href":"https:\/\/developing.newgarden.es\/de\/wp-json\/wp\/v2\/media?parent=21528"}],"wp:term":[{"taxonomy":"product_cat","embeddable":true,"href":"https:\/\/developing.newgarden.es\/de\/wp-json\/wp\/v2\/product_cat?post=21528"},{"taxonomy":"product_tag","embeddable":true,"href":"https:\/\/developing.newgarden.es\/de\/wp-json\/wp\/v2\/product_tag?post=21528"}],"curies":[{"name":"wp","href":"https:\/\/api.w.org\/{rel}","templated":true}]}}