{"id":21418,"date":"2019-04-25T16:44:26","date_gmt":"2019-11-04T12:34:13","guid":{"rendered":"https:\/\/newgarden.es\/shop\/sin%20categor\u00eda\/pufy-45-color\/"},"modified":"2024-06-13T09:59:54","modified_gmt":"2024-06-13T07:59:54","slug":"pufy-45-color","status":"publish","type":"product","link":"https:\/\/developing.newgarden.es\/de\/shop\/moebel\/sitzgelegenheiten\/pufy-45-color\/","title":{"rendered":"PUFY 45 COLOUR"},"content":{"rendered":"<section class=\"wpb-content-wrapper\"><p>[vc_row][vc_column el_class=&#8221;descripcion_producto&#8221;][vc_column_text]<\/p>\n<p style=\"text-align: justify;\"><em>*PUFY : Couchtisch oder quadratischer Sitz in verschiedenen Farben erh\u00e4ltlich. Es hat eingebaute Nylonbeine f\u00fcr besseren Halt. Kombiniere sie mit CUBY FAMILY, um originelle Kompositionen zu kreieren.<\/em><\/p>\n<p style=\"text-align: justify;\"><em>Alle Newgarden-Produkte bestehen aus Polyethylen, sind also leicht und sehr widerstandsf\u00e4hig gegen extreme Temperaturen. Sie sind auch gegen UV-Strahlen gesch\u00fctzt, wodurch die Lebensdauer des Produkts au\u00dferordentlich lang ist. <\/em><\/p>\n<p>[\/vc_column_text][\/vc_column][\/vc_row][vc_row disable_element=&#8221;yes&#8221;][vc_column][vc_single_image image=&#8221;6566&#8243; img_size=&#8221;full&#8221;][\/vc_column][\/vc_row][vc_row][vc_column width=&#8221;1\/2&#8243;][vc_btn title=&#8221;Technisches Datenblatt&#8221; style=&#8221;custom&#8221; custom_background=&#8221;#009bc2&#8243; custom_text=&#8221;#ffffff&#8221; shape=&#8221;square&#8221; link=&#8221;url:https%3A%2F%2Fbit.ly%2F3OydTlz|target:%20_blank|&#8221; el_class=&#8221;btn_descargar_ficha&#8221;][\/vc_column][vc_column width=&#8221;1\/2&#8243;][\/vc_column][\/vc_row]<\/p>\n<\/section>","protected":false},"excerpt":{"rendered":"<h1 style=\"font-size: 12px\">Pufy, Quadratischer Outdoor Gardentisch oder Sitz<\/h1>\n","protected":false},"featured_media":63677,"template":"","meta":[],"product_cat":[772,773,794],"product_tag":[],"class_list":{"0":"post-21418","1":"product","2":"type-product","3":"status-publish","4":"has-post-thumbnail","6":"product_cat-moebel","7":"product_cat-sitzgelegenheiten","8":"product_cat-tische-und-couchtische","10":"first","11":"instock","12":"taxable","13":"shipping-taxable","14":"purchasable","15":"product-type-variable"},"df_price":72.3,"df_sale_price":"","df_regular_price":72.3,"df_image_link":"https:\/\/developing.newgarden.es\/wp-content\/uploads\/2019\/04\/PUFY_1200X1200-5-300x300.jpg","_links":{"self":[{"href":"https:\/\/developing.newgarden.es\/de\/wp-json\/wp\/v2\/product\/21418"}],"collection":[{"href":"https:\/\/developing.newgarden.es\/de\/wp-json\/wp\/v2\/product"}],"about":[{"href":"https:\/\/developing.newgarden.es\/de\/wp-json\/wp\/v2\/types\/product"}],"wp:featuredmedia":[{"embeddable":true,"href":"https:\/\/developing.newgarden.es\/de\/wp-json\/wp\/v2\/media\/63677"}],"wp:attachment":[{"href":"https:\/\/developing.newgarden.es\/de\/wp-json\/wp\/v2\/media?parent=21418"}],"wp:term":[{"taxonomy":"product_cat","embeddable":true,"href":"https:\/\/developing.newgarden.es\/de\/wp-json\/wp\/v2\/product_cat?post=21418"},{"taxonomy":"product_tag","embeddable":true,"href":"https:\/\/developing.newgarden.es\/de\/wp-json\/wp\/v2\/product_tag?post=21418"}],"curies":[{"name":"wp","href":"https:\/\/api.w.org\/{rel}","templated":true}]}}