{"id":21240,"date":"2019-04-25T16:46:58","date_gmt":"2019-11-04T12:02:07","guid":{"rendered":"https:\/\/newgarden.es\/shop\/sin%20categor\u00eda\/jara-60x20-color\/"},"modified":"2024-06-18T09:09:34","modified_gmt":"2024-06-18T07:09:34","slug":"jara-60x20-color","status":"publish","type":"product","link":"https:\/\/developing.newgarden.es\/de\/shop\/blumentopfs\/blumentopfs-ohne-beleuchtung\/jara-60x20-color\/","title":{"rendered":"JARA 60 X 20 COLOUR"},"content":{"rendered":"<section class=\"wpb-content-wrapper\"><p>[vc_row][vc_column el_class=&#8221;descripcion_producto&#8221;][vc_column_text]<\/p>\n<p style=\"text-align: justify;\"><em>&#8220;JARA: Rechteckiger Pflanzer von geringer H\u00f6he. Ideal zum Kombinieren mit anderen quadratischen Pflanzgef\u00e4\u00dfen, um verschiedene Kompositionen in Umgebungen zu erstellen. Erh\u00e4ltlich in verschiedenen Farben und Gr\u00f6\u00dfen.<\/em><\/p>\n<p style=\"text-align: justify;\"><em>Alle Newgarden-Produkte bestehen aus Polyethylen, sind also leicht und sehr widerstandsf\u00e4hig gegen extreme Temperaturen. Sie sind auch gegen UV-Strahlen gesch\u00fctzt, wodurch die Lebensdauer des Produkts au\u00dferordentlich lang ist. <\/em><\/p>\n<p>[\/vc_column_text][\/vc_column][\/vc_row][vc_row disable_element=&#8221;yes&#8221;][vc_column][vc_single_image image=&#8221;6566&#8243; img_size=&#8221;full&#8221;][\/vc_column][\/vc_row][vc_row][vc_column width=&#8221;1\/2&#8243;][vc_btn title=&#8221;Technisches Datenblatt&#8221; style=&#8221;custom&#8221; custom_background=&#8221;#009bc2&#8243; custom_text=&#8221;#ffffff&#8221; shape=&#8221;square&#8221; link=&#8221;url:https%3A%2F%2Fbit.ly%2F3xNswe9|target:%20_blank|&#8221; el_class=&#8221;btn_descargar_ficha&#8221;][\/vc_column][vc_column width=&#8221;1\/2&#8243;][\/vc_column][\/vc_row]<\/p>\n<\/section>","protected":false},"excerpt":{"rendered":"<h1 style=\"font-size: 12px\">JARA Outdoor rechteckiger niedriger Blumenkasten<\/h1>\n","protected":false},"featured_media":58851,"template":"","meta":[],"product_cat":[783,806,1597,1602],"product_tag":[],"class_list":{"0":"post-21240","1":"product","2":"type-product","3":"status-publish","4":"has-post-thumbnail","6":"product_cat-blumentopfs","7":"product_cat-blumentopfs-ohne-beleuchtung","8":"product_cat-quadratische-blumentopfs","9":"product_cat-pflanzgefaesse","11":"first","12":"instock","13":"taxable","14":"shipping-taxable","15":"purchasable","16":"product-type-variable"},"df_price":26.3,"df_sale_price":"","df_regular_price":26.3,"df_image_link":"https:\/\/developing.newgarden.es\/wp-content\/uploads\/2019\/04\/JAZMIN_OPACOS_1200X1200-5-300x300.jpg","_links":{"self":[{"href":"https:\/\/developing.newgarden.es\/de\/wp-json\/wp\/v2\/product\/21240"}],"collection":[{"href":"https:\/\/developing.newgarden.es\/de\/wp-json\/wp\/v2\/product"}],"about":[{"href":"https:\/\/developing.newgarden.es\/de\/wp-json\/wp\/v2\/types\/product"}],"wp:featuredmedia":[{"embeddable":true,"href":"https:\/\/developing.newgarden.es\/de\/wp-json\/wp\/v2\/media\/58851"}],"wp:attachment":[{"href":"https:\/\/developing.newgarden.es\/de\/wp-json\/wp\/v2\/media?parent=21240"}],"wp:term":[{"taxonomy":"product_cat","embeddable":true,"href":"https:\/\/developing.newgarden.es\/de\/wp-json\/wp\/v2\/product_cat?post=21240"},{"taxonomy":"product_tag","embeddable":true,"href":"https:\/\/developing.newgarden.es\/de\/wp-json\/wp\/v2\/product_tag?post=21240"}],"curies":[{"name":"wp","href":"https:\/\/api.w.org\/{rel}","templated":true}]}}