{"id":20950,"date":"2019-04-26T16:34:29","date_gmt":"2019-11-04T11:14:46","guid":{"rendered":"https:\/\/newgarden.es\/shop\/sin%20categor\u00eda\/pflanzteller\/"},"modified":"2024-06-13T14:18:24","modified_gmt":"2024-06-13T12:18:24","slug":"pflanzteller","status":"publish","type":"product","link":"https:\/\/developing.newgarden.es\/de\/shop\/blumentopfs\/pflanzteller\/","title":{"rendered":"TELLER F\u00dcR BLUMENT\u00d6PFE"},"content":{"rendered":"<section class=\"wpb-content-wrapper\"><p>[vc_row][vc_column el_class=&#8221;descripcion_producto&#8221;][vc_column_text]<\/p>\n<p style=\"text-align: justify;\"><em>* TELLER F\u00dcR BLUMENT\u00d6PFE. Glatte strukturierte Oberfl\u00e4che. Erh\u00e4ltlich in verschiedenen Ausf\u00fchrungen und Farben.<\/em><\/p>\n<p><strong>Quadratische Platte 40:<\/strong> (41 cm int 50 cm ext) G\u00fcltig f\u00fcr die Modelle Melisa 40, Calendula 50, Melisa 30, Narzisse 35, Narzisse 40, Melisa 50.<br \/>\n<strong>Quadratische Platte 50:<\/strong> (52 cm int \/615 cm ext) G\u00fcltig f\u00fcr das Modell Narciso 50.<br \/>\n<em><strong>Runde Platte 30<\/strong>: (\u00d8315 cm int,<\/em> \u00d837 cm ext<em>) G\u00fcltig f\u00fcr die Modelle Bamboo 90, Petunia 36, Bamboo 70.<br \/>\n<strong>Rund Platte 40:<\/strong> (\u00d841 cm int, \u00d849 cm ext) G\u00fcltig f\u00fcr die Modelle Rosa55, Gerbera 45, Violeta 55, Magnolia 60.<\/em><\/p>\n<p style=\"text-align: justify;\"><em>Alle Newgarden-Produkte bestehen aus Polyethylen, sind also leicht und sehr widerstandsf\u00e4hig gegen extreme Temperaturen. Sie sind auch gegen UV-Strahlen gesch\u00fctzt, wodurch die Lebensdauer des Produkts au\u00dferordentlich lang ist.<\/em><\/p>\n<p>[\/vc_column_text][\/vc_column][\/vc_row][vc_row disable_element=&#8221;yes&#8221;][vc_column][vc_single_image image=&#8221;6566&#8243; img_size=&#8221;full&#8221;][\/vc_column][\/vc_row]<\/p>\n<\/section>","protected":false},"excerpt":{"rendered":"<h1 style=\"font-size: 12px;\">Blumenteller f\u00fcr rund- quadro Blument\u00f6pfe<\/h1>\n","protected":false},"featured_media":64407,"template":"","meta":[],"product_cat":[783],"product_tag":[],"class_list":{"0":"post-20950","1":"product","2":"type-product","3":"status-publish","4":"has-post-thumbnail","6":"product_cat-blumentopfs","8":"first","9":"instock","10":"taxable","11":"shipping-taxable","12":"purchasable","13":"product-type-variable"},"df_price":10.3,"df_sale_price":"","df_regular_price":10.3,"df_image_link":"https:\/\/developing.newgarden.es\/wp-content\/uploads\/2019\/04\/PLATOS_1200X1200-300x300.jpg","_links":{"self":[{"href":"https:\/\/developing.newgarden.es\/de\/wp-json\/wp\/v2\/product\/20950"}],"collection":[{"href":"https:\/\/developing.newgarden.es\/de\/wp-json\/wp\/v2\/product"}],"about":[{"href":"https:\/\/developing.newgarden.es\/de\/wp-json\/wp\/v2\/types\/product"}],"wp:featuredmedia":[{"embeddable":true,"href":"https:\/\/developing.newgarden.es\/de\/wp-json\/wp\/v2\/media\/64407"}],"wp:attachment":[{"href":"https:\/\/developing.newgarden.es\/de\/wp-json\/wp\/v2\/media?parent=20950"}],"wp:term":[{"taxonomy":"product_cat","embeddable":true,"href":"https:\/\/developing.newgarden.es\/de\/wp-json\/wp\/v2\/product_cat?post=20950"},{"taxonomy":"product_tag","embeddable":true,"href":"https:\/\/developing.newgarden.es\/de\/wp-json\/wp\/v2\/product_tag?post=20950"}],"curies":[{"name":"wp","href":"https:\/\/api.w.org\/{rel}","templated":true}]}}