{"id":20772,"date":"2019-04-29T11:32:07","date_gmt":"2019-11-04T10:29:32","guid":{"rendered":"https:\/\/newgarden.es\/shop\/sin%20categor\u00eda\/norai-2\/"},"modified":"2023-03-14T11:27:13","modified_gmt":"2023-03-14T10:27:13","slug":"norai-2","status":"publish","type":"product","link":"https:\/\/developing.newgarden.es\/de\/shop\/lightdeco-de\/weihnachten\/norai-2\/","title":{"rendered":"NORAI"},"content":{"rendered":"<section class=\"wpb-content-wrapper\"><p>[vc_row][vc_column][vc_column_text]<\/p>\n<p>[\/vc_column_text][\/vc_column][\/vc_row][vc_row][vc_column el_class=&#8221;descripcion_producto&#8221;][vc_column_text]Norai kommt, um einen Sprung in die Welt der Outdoor-Girlanden zu wagen. Inspiriert vom Mittelmeer ist sie eine Leuchte f\u00fcr Veranden oder zum H\u00e4ngen im Freien. Es ist drahtlos mit LED-Licht in 128 Farben + warmes Licht. Es wird ferngesteuert und mit Strom versorgt. Es hat eine Autonomie von 12-36 Stunden, abh\u00e4ngig von der Farbe des Lichts, in dem Sie es einschalten. Ideal f\u00fcr den Au\u00dfenbereich oder als tragbare Lampe, die Sie \u00fcberall hin mitnehmen k\u00f6nnen: Beach Pool Mountain. Es wird mit einem Seeseil befestigt.<\/p>\n<p>Es ist in 3 Farben erh\u00e4ltlich: grau, rosa oder beige. Alle Newgarden-Produkte bestehen aus Polyethylen.<\/p>\n<p><em>Alle Newgarden-Produkte bestehen aus Polyethylen, sind also leicht und sehr widerstandsf\u00e4hig gegen extreme Temperaturen. Sie sind auch gegen UV-Strahlen gesch\u00fctzt, wodurch die Lebensdauer des Produkts au\u00dferordentlich lang ist.<\/em>[\/vc_column_text][\/vc_column][\/vc_row][vc_row disable_element=&#8221;yes&#8221;][vc_column][vc_single_image image=&#8221;6566&#8243; img_size=&#8221;full&#8221;][\/vc_column][\/vc_row]<\/p>\n<\/section>","protected":false},"excerpt":{"rendered":"<h1 style=\"font-size: 12px\">Norai- Aussenh\u00e4ngeleuchte<\/h1>\n","protected":false},"featured_media":55335,"template":"","meta":[],"product_cat":[763,1568,826,819,811],"product_tag":[766],"class_list":{"0":"post-20772","1":"product","2":"type-product","3":"status-publish","4":"has-post-thumbnail","6":"product_cat-lightdeco-de","7":"product_cat-kabellose-deckenleuchten","8":"product_cat-tragbares","9":"product_cat-pendelleuchten","10":"product_cat-weihnachten","11":"product_tag-batterie-de","13":"first","14":"instock","15":"taxable","16":"shipping-taxable","17":"purchasable","18":"product-type-variable"},"df_price":55,"df_sale_price":"","df_regular_price":55,"df_image_link":"https:\/\/developing.newgarden.es\/wp-content\/uploads\/2019\/04\/NORAI_25_HANG_1200X120013.jpg","_links":{"self":[{"href":"https:\/\/developing.newgarden.es\/de\/wp-json\/wp\/v2\/product\/20772"}],"collection":[{"href":"https:\/\/developing.newgarden.es\/de\/wp-json\/wp\/v2\/product"}],"about":[{"href":"https:\/\/developing.newgarden.es\/de\/wp-json\/wp\/v2\/types\/product"}],"wp:featuredmedia":[{"embeddable":true,"href":"https:\/\/developing.newgarden.es\/de\/wp-json\/wp\/v2\/media\/55335"}],"wp:attachment":[{"href":"https:\/\/developing.newgarden.es\/de\/wp-json\/wp\/v2\/media?parent=20772"}],"wp:term":[{"taxonomy":"product_cat","embeddable":true,"href":"https:\/\/developing.newgarden.es\/de\/wp-json\/wp\/v2\/product_cat?post=20772"},{"taxonomy":"product_tag","embeddable":true,"href":"https:\/\/developing.newgarden.es\/de\/wp-json\/wp\/v2\/product_tag?post=20772"}],"curies":[{"name":"wp","href":"https:\/\/api.w.org\/{rel}","templated":true}]}}