{"id":20707,"date":"2019-04-29T11:54:15","date_gmt":"2019-11-04T09:55:37","guid":{"rendered":"https:\/\/newgarden.es\/shop\/sin%20categor\u00eda\/pinus-40-white\/"},"modified":"2021-09-14T15:09:46","modified_gmt":"2021-09-14T13:09:46","slug":"pinus-40-white","status":"publish","type":"product","link":"https:\/\/developing.newgarden.es\/de\/shop\/lightdeco-de\/weihnachten\/pinus-40-white\/","title":{"rendered":"PINUS 40 WHITE"},"content":{"rendered":"<section class=\"wpb-content-wrapper\"><p>[vc_row][vc_column][vc_column_text]<\/p>\n<p>[\/vc_column_text][\/vc_column][\/vc_row][vc_row][vc_column el_class=&#8221;descripcion_producto&#8221;][vc_column_text]Wir stellen Ihnen den Pinus 40 Weihnachtsbaum vor, einen beleuchteten Baum, der perfekt ist, wenn Sie ein St\u00fcck Natur in Ihr Zuhause bringen wollen, und den Sie sogar als Weihnachtsbaum verwenden k\u00f6nnen. In jedem Fall wird PINUS das perfekte Element sein, um jede Ecke Ihres Hauses zu beleuchten.<\/p>\n<p>PINUS ist sowohl mit Kabel als auch mit Akku und in verschiedenen Gr\u00f6\u00dfen erh\u00e4ltlich &#8211; finden Sie das Ger\u00e4t, das am besten zu Ihnen passt.<\/p>\n<p>Jedes Newgarden-Produkt wird in Spanien inspiriert, hergestellt und entworfen und bringt so ein St\u00fcckchen Mittelmeer mit sich. Sie bestehen aus Polyethylen, das extreme Temperaturen aush\u00e4lt und daher nicht unendlich, aber fast unbegrenzt haltbar ist.[\/vc_column_text][\/vc_column][\/vc_row][vc_row disable_element=&#8221;yes&#8221;][vc_column][vc_single_image image=&#8221;6566&#8243; img_size=&#8221;full&#8221;][\/vc_column][\/vc_row][vc_row][vc_column width=&#8221;1\/2&#8243;][vc_btn title=&#8221;Technisches Datenblatt&#8221; style=&#8221;custom&#8221; custom_background=&#8221;#009bc2&#8243; custom_text=&#8221;#ffffff&#8221; shape=&#8221;square&#8221; link=&#8221;url:https%3A%2F%2Fdrive.google.com%2Fdrive%2Ffolders%2F1BtrFgpiSsDzDVrPhOVzINlK6dVcr8nc6%3Fusp%3Dsharing|target:%20_blank|&#8221; el_class=&#8221;btn_descargar_ficha&#8221;][\/vc_column][vc_column width=&#8221;1\/2&#8243;][vc_btn title=&#8221;BEDIENUNGSANLEITUNG&#8221; style=&#8221;custom&#8221; custom_background=&#8221;#009bc2&#8243; custom_text=&#8221;#ffffff&#8221; shape=&#8221;square&#8221; link=&#8221;url:https%3A%2F%2Fdeveloping.newgarden.es%2Fde%2F%3Fpage_id%3D25148|target:%20_blank|&#8221; el_class=&#8221;btn_descargar_ficha&#8221;][\/vc_column][\/vc_row]<\/p>\n<\/section>","protected":false},"excerpt":{"rendered":"<h1 style=\"font-size: 12px;\">WEIHNACHTSBAUM PINUS 40 TRANSLUZENT WEISS<\/h1>\n","protected":false},"featured_media":60080,"template":"","meta":[],"product_cat":[763,1225,1248,1589,811],"product_tag":[793,765,789],"class_list":{"0":"post-20707","1":"product","2":"type-product","3":"status-publish","4":"has-post-thumbnail","6":"product_cat-lightdeco-de","7":"product_cat-interior-de","8":"product_cat-stehlampen-fur-den-innenbereich","9":"product_cat-innenbereich-de","10":"product_cat-weihnachten","11":"product_tag-drahtlose","12":"product_tag-kabel","13":"product_tag-solar-de","15":"first","16":"instock","17":"taxable","18":"shipping-taxable","19":"purchasable","20":"product-type-variable"},"df_price":41.9,"df_sale_price":"","df_regular_price":41.9,"df_image_link":"https:\/\/developing.newgarden.es\/wp-content\/uploads\/2019\/04\/PINUS_1200X1200-6-300x300.jpg","_links":{"self":[{"href":"https:\/\/developing.newgarden.es\/de\/wp-json\/wp\/v2\/product\/20707"}],"collection":[{"href":"https:\/\/developing.newgarden.es\/de\/wp-json\/wp\/v2\/product"}],"about":[{"href":"https:\/\/developing.newgarden.es\/de\/wp-json\/wp\/v2\/types\/product"}],"wp:featuredmedia":[{"embeddable":true,"href":"https:\/\/developing.newgarden.es\/de\/wp-json\/wp\/v2\/media\/60080"}],"wp:attachment":[{"href":"https:\/\/developing.newgarden.es\/de\/wp-json\/wp\/v2\/media?parent=20707"}],"wp:term":[{"taxonomy":"product_cat","embeddable":true,"href":"https:\/\/developing.newgarden.es\/de\/wp-json\/wp\/v2\/product_cat?post=20707"},{"taxonomy":"product_tag","embeddable":true,"href":"https:\/\/developing.newgarden.es\/de\/wp-json\/wp\/v2\/product_tag?post=20707"}],"curies":[{"name":"wp","href":"https:\/\/api.w.org\/{rel}","templated":true}]}}