{"id":20690,"date":"2019-04-29T11:56:03","date_gmt":"2019-11-04T09:54:43","guid":{"rendered":"https:\/\/newgarden.es\/shop\/sin%20categor\u00eda\/amelio-2\/"},"modified":"2021-09-15T14:13:37","modified_gmt":"2021-09-15T12:13:37","slug":"amelio","status":"publish","type":"product","link":"https:\/\/developing.newgarden.es\/de\/shop\/lightdeco-de\/weihnachten\/amelio\/","title":{"rendered":"BELEUCHTETER GARTENZWERG AMELIO | INNENBEREICH"},"content":{"rendered":"<section class=\"wpb-content-wrapper\"><p>[vc_row][vc_column][vc_column_text]<\/p>\n<p>[\/vc_column_text][\/vc_column][\/vc_row][vc_row][vc_column el_class=&#8221;descripcion_producto&#8221;][vc_column_text]<\/p>\n<p style=\"text-align: justify;\">Amelio ist ein leuchtender Gartenzwerg, der sich perfekt f\u00fcr die Gestaltung des \u00c4u\u00dferen und Inneren Ihres Hauses eignet. Diese Amelio-Lampe tr\u00e4gt einen Hut, damit Sie ihn zu Weihnachten in einen Weihnachtsmann verwandeln k\u00f6nnen. Inklusive Aufkleber, mit denen Sie Ihren Amelio nach Ihren W\u00fcnschen dekorieren k\u00f6nnen, ideal f\u00fcr Kinder.<\/p>\n<p>[\/vc_column_text][\/vc_column][\/vc_row][vc_row disable_element=&#8221;yes&#8221;][vc_column][vc_single_image image=&#8221;6566&#8243; img_size=&#8221;full&#8221;][\/vc_column][\/vc_row][vc_row][vc_column width=&#8221;1\/2&#8243;][vc_btn title=&#8221;Technisches Datenblatt&#8221; style=&#8221;custom&#8221; custom_background=&#8221;#009bc2&#8243; custom_text=&#8221;#ffffff&#8221; shape=&#8221;square&#8221; link=&#8221;url:https%3A%2F%2Fdrive.google.com%2Fdrive%2Ffolders%2F17chNqxtwg_Xk2MQYK7RIBkYBlRa6_X_a%3Fusp%3Dsharing|&#8221; el_class=&#8221;btn_descargar_ficha&#8221;][\/vc_column][vc_column width=&#8221;1\/2&#8243;][vc_btn title=&#8221;BEDIENUNGSANLEITUNG&#8221; style=&#8221;custom&#8221; custom_background=&#8221;#009bc2&#8243; custom_text=&#8221;#ffffff&#8221; shape=&#8221;square&#8221; link=&#8221;url:https%3A%2F%2Fdeveloping.newgarden.es%2Fde%2F%3Fpage_id%3D25148|target:%20_blank|&#8221; el_class=&#8221;btn_descargar_ficha&#8221;][\/vc_column][\/vc_row]<\/p>\n<\/section>","protected":false},"excerpt":{"rendered":"<h1 style=\"font-size: 12px\">Amelio- Gnomo geformte DEKO-Gartenleuchte<\/h1>\n","protected":false},"featured_media":37083,"template":"","meta":[],"product_cat":[763,1225,811],"product_tag":[793,1226,765,789],"class_list":{"0":"post-20690","1":"product","2":"type-product","3":"status-publish","4":"has-post-thumbnail","6":"product_cat-lightdeco-de","7":"product_cat-interior-de","8":"product_cat-weihnachten","9":"product_tag-drahtlose","10":"product_tag-interior-de","11":"product_tag-kabel","12":"product_tag-solar-de","14":"first","15":"instock","16":"taxable","17":"shipping-taxable","18":"product-type-variable"},"df_price":"","df_sale_price":"","df_regular_price":"","df_image_link":"https:\/\/developing.newgarden.es\/wp-content\/uploads\/2019\/04\/PLANTILLA-PARA-PRODUCTOS-DE-INTERIOR-CASA-ESQUINA-GRIS.jpg","_links":{"self":[{"href":"https:\/\/developing.newgarden.es\/de\/wp-json\/wp\/v2\/product\/20690"}],"collection":[{"href":"https:\/\/developing.newgarden.es\/de\/wp-json\/wp\/v2\/product"}],"about":[{"href":"https:\/\/developing.newgarden.es\/de\/wp-json\/wp\/v2\/types\/product"}],"wp:featuredmedia":[{"embeddable":true,"href":"https:\/\/developing.newgarden.es\/de\/wp-json\/wp\/v2\/media\/37083"}],"wp:attachment":[{"href":"https:\/\/developing.newgarden.es\/de\/wp-json\/wp\/v2\/media?parent=20690"}],"wp:term":[{"taxonomy":"product_cat","embeddable":true,"href":"https:\/\/developing.newgarden.es\/de\/wp-json\/wp\/v2\/product_cat?post=20690"},{"taxonomy":"product_tag","embeddable":true,"href":"https:\/\/developing.newgarden.es\/de\/wp-json\/wp\/v2\/product_tag?post=20690"}],"curies":[{"name":"wp","href":"https:\/\/api.w.org\/{rel}","templated":true}]}}