{"id":20679,"date":"2019-04-29T11:59:54","date_gmt":"2019-11-04T09:51:35","guid":{"rendered":"https:\/\/newgarden.es\/shop\/sin%20categor\u00eda\/nova-45\/"},"modified":"2021-09-15T13:23:49","modified_gmt":"2021-09-15T11:23:49","slug":"nova-45","status":"publish","type":"product","link":"https:\/\/developing.newgarden.es\/de\/shop\/lightdeco-de\/weihnachten\/nova-45\/","title":{"rendered":"NOVA 45"},"content":{"rendered":"<section class=\"wpb-content-wrapper\"><p>[vc_row][vc_column][vc_column_text]Wir bringen Sie nach Nova, eine dekorative Sternenflucht aus dem Firmament, das auf die Erde kommen wollte, um \u00fcberall in Ihrem Haus platziert zu werden, oder einen perfekten Au\u00dfenraum f\u00fcr Astronomie-Liebhaber. F\u00fchlen Sie sich wie ein Astronaut, w\u00e4hrend NOVA Ihnen ein warmes und angenehmes Gef\u00fchl gibt. Perfekt sogar als ideales Schmuckst\u00fcck in Ihrem Weihnachtsbaum.<\/p>\n<p>Dieser beleuchtete Stern ist sowohl in wei\u00dfer, lichtdurchl\u00e4ssiger Kabelbeleuchtung als auch drahtlos mit einer Vielzahl von Farbvarianten erh\u00e4ltlich. Und in zwei verschiedenen Gr\u00f6\u00dfen finden Sie heraus, welche davon am besten zu Ihnen passt. Kann das ganze Jahr \u00fcber mit seinem Licht gl\u00e4nzen<\/p>\n<p><em>Alle Newgarden-Produkte bestehen aus Polyethylen, sind also leicht und sehr widerstandsf\u00e4hig gegen extreme Temperaturen. Sie sind auch gegen UV-Strahlen gesch\u00fctzt, wodurch die Lebensdauer des Produkts au\u00dferordentlich lang ist.<\/em>[\/vc_column_text][\/vc_column][\/vc_row][vc_row disable_element=&#8221;yes&#8221;][vc_column][vc_single_image image=&#8221;6566&#8243; img_size=&#8221;full&#8221;][\/vc_column][\/vc_row][vc_row][vc_column width=&#8221;1\/2&#8243;][vc_btn title=&#8221;Technisches Datenblatt&#8221; style=&#8221;custom&#8221; custom_background=&#8221;#009bc2&#8243; custom_text=&#8221;#ffffff&#8221; shape=&#8221;square&#8221; link=&#8221;url:https%3A%2F%2Fdrive.google.com%2Fdrive%2Ffolders%2F1e23YzDSopVZgHwPB7Iu60elsveu5KtoB%3Fusp%3Dsharing|target:%20_blank|&#8221; el_class=&#8221;btn_descargar_ficha&#8221;][\/vc_column][vc_column width=&#8221;1\/2&#8243;][vc_btn title=&#8221;BEDIENUNGSANLEITUNG&#8221; style=&#8221;custom&#8221; custom_background=&#8221;#009bc2&#8243; custom_text=&#8221;#ffffff&#8221; shape=&#8221;square&#8221; link=&#8221;url:https%3A%2F%2Fdeveloping.newgarden.es%2Fde%2F%3Fpage_id%3D25148|target:%20_blank|&#8221; el_class=&#8221;btn_descargar_ficha&#8221;][\/vc_column][\/vc_row]<\/p>\n<\/section>","protected":false},"excerpt":{"rendered":"<h1 style=\"font-size: 12px\">Nova Star &#8211; Sternf\u00f6rmige DEKO-Lampe<\/h1>\n","protected":false},"featured_media":60025,"template":"","meta":[],"product_cat":[763,1225,1248,1589,811],"product_tag":[793,765,789],"class_list":{"0":"post-20679","1":"product","2":"type-product","3":"status-publish","4":"has-post-thumbnail","6":"product_cat-lightdeco-de","7":"product_cat-interior-de","8":"product_cat-stehlampen-fur-den-innenbereich","9":"product_cat-innenbereich-de","10":"product_cat-weihnachten","11":"product_tag-drahtlose","12":"product_tag-kabel","13":"product_tag-solar-de","15":"first","16":"instock","17":"taxable","18":"shipping-taxable","19":"purchasable","20":"product-type-variable"},"df_price":52.4,"df_sale_price":"","df_regular_price":52.4,"df_image_link":"https:\/\/developing.newgarden.es\/wp-content\/uploads\/2019\/05\/NOVA_1200X1200-5-300x300.jpg","_links":{"self":[{"href":"https:\/\/developing.newgarden.es\/de\/wp-json\/wp\/v2\/product\/20679"}],"collection":[{"href":"https:\/\/developing.newgarden.es\/de\/wp-json\/wp\/v2\/product"}],"about":[{"href":"https:\/\/developing.newgarden.es\/de\/wp-json\/wp\/v2\/types\/product"}],"wp:featuredmedia":[{"embeddable":true,"href":"https:\/\/developing.newgarden.es\/de\/wp-json\/wp\/v2\/media\/60025"}],"wp:attachment":[{"href":"https:\/\/developing.newgarden.es\/de\/wp-json\/wp\/v2\/media?parent=20679"}],"wp:term":[{"taxonomy":"product_cat","embeddable":true,"href":"https:\/\/developing.newgarden.es\/de\/wp-json\/wp\/v2\/product_cat?post=20679"},{"taxonomy":"product_tag","embeddable":true,"href":"https:\/\/developing.newgarden.es\/de\/wp-json\/wp\/v2\/product_tag?post=20679"}],"curies":[{"name":"wp","href":"https:\/\/api.w.org\/{rel}","templated":true}]}}