{"id":19913,"date":"2019-06-03T11:45:19","date_gmt":"2019-10-30T12:04:24","guid":{"rendered":"https:\/\/newgarden.es\/shop\/sin%20categor\u00eda\/tarida-sit-light\/"},"modified":"2019-12-20T10:06:35","modified_gmt":"2019-12-20T09:06:35","slug":"tarida-sit-light","status":"publish","type":"product","link":"https:\/\/developing.newgarden.es\/de\/shop\/moebel\/sitzgelegenheiten\/tarida-sit-light\/","title":{"rendered":"TARIDA SIT LIGHT"},"content":{"rendered":"<section class=\"wpb-content-wrapper\"><p>[vc_row][vc_column el_class=&#8221;descripcion_producto&#8221;][vc_column_text]<\/p>\n<p style=\"text-align: justify\"><em>*TARIDA SIT: Bequeme Sitzgelegenheiten mit geraden Linien. Das einzigartige Design erm\u00f6glicht es, eine Vielzahl von Kompositionen zu kombinieren. Erh\u00e4ltlich in verschiedenen Farben und Ausf\u00fchrungen. Kombinieren Sie es mit TARIDA TAB, um chill out Umgebungen in Ihrem Haus oder Gesch\u00e4ft zu schaffen. Kunstleder Kissen enthalten.<\/em><\/p>\n<p style=\"text-align: justify\"><em>Alle Newgarden-Produkte bestehen aus Polyethylen, sind also leicht und sehr widerstandsf\u00e4hig gegen extreme Temperaturen. Sie sind auch gegen UV-Strahlen gesch\u00fctzt, wodurch die Lebensdauer des Produkts au\u00dferordentlich lang ist. <\/em><\/p>\n<p>Wenn Sie Fragen haben, z\u00f6gern Sie nicht, <a href=\"https:\/\/developing.newgarden.es\/donde-encontrarnos\/\">uns zu kontaktieren<\/a>![\/vc_column_text][\/vc_column][\/vc_row][vc_row disable_element=&#8221;yes&#8221;][vc_column][vc_single_image image=&#8221;6566&#8243; img_size=&#8221;full&#8221;][\/vc_column][\/vc_row][vc_row][vc_column width=&#8221;1\/2&#8243;][vc_btn title=&#8221;Technisches Datenblatt&#8221; style=&#8221;custom&#8221; custom_background=&#8221;#009bc2&#8243; custom_text=&#8221;#ffffff&#8221; shape=&#8221;square&#8221; link=&#8221;url:https%3A%2F%2Fwww.newgarden.es%2Fwp-content%2Fuploads%2F2018%2F05%2Ftarida-sit.pdf|target:%20_blank|&#8221; el_class=&#8221;btn_descargar_ficha&#8221;][\/vc_column][vc_column width=&#8221;1\/2&#8243;][vc_btn title=&#8221;BEDIENUNGSANLEITUNG&#8221; style=&#8221;custom&#8221; custom_background=&#8221;#009bc2&#8243; custom_text=&#8221;#ffffff&#8221; shape=&#8221;square&#8221; link=&#8221;url:https%3A%2F%2Fdeveloping.newgarden.es%2Finstrucciones%2F||target:%20_blank|&#8221; el_class=&#8221;btn_descargar_ficha&#8221;][\/vc_column][\/vc_row]<\/p>\n<\/section>","protected":false},"excerpt":{"rendered":"<h1 style=\"font-size: 12px\">Tarida Sit- Au\u00dfensessel mit Beleuchtung<\/h1>\n","protected":false},"featured_media":62755,"template":"","meta":[],"product_cat":[772,773],"product_tag":[793,789],"class_list":{"0":"post-19913","1":"product","2":"type-product","3":"status-publish","4":"has-post-thumbnail","6":"product_cat-moebel","7":"product_cat-sitzgelegenheiten","8":"product_tag-drahtlose","9":"product_tag-solar-de","11":"first","12":"instock","13":"taxable","14":"shipping-taxable","15":"purchasable","16":"product-type-variable"},"df_price":240.3,"df_sale_price":"","df_regular_price":240.3,"df_image_link":"https:\/\/developing.newgarden.es\/wp-content\/uploads\/2019\/06\/TARIDA_SIT_1200X1200-1-300x300.jpg","_links":{"self":[{"href":"https:\/\/developing.newgarden.es\/de\/wp-json\/wp\/v2\/product\/19913"}],"collection":[{"href":"https:\/\/developing.newgarden.es\/de\/wp-json\/wp\/v2\/product"}],"about":[{"href":"https:\/\/developing.newgarden.es\/de\/wp-json\/wp\/v2\/types\/product"}],"wp:featuredmedia":[{"embeddable":true,"href":"https:\/\/developing.newgarden.es\/de\/wp-json\/wp\/v2\/media\/62755"}],"wp:attachment":[{"href":"https:\/\/developing.newgarden.es\/de\/wp-json\/wp\/v2\/media?parent=19913"}],"wp:term":[{"taxonomy":"product_cat","embeddable":true,"href":"https:\/\/developing.newgarden.es\/de\/wp-json\/wp\/v2\/product_cat?post=19913"},{"taxonomy":"product_tag","embeddable":true,"href":"https:\/\/developing.newgarden.es\/de\/wp-json\/wp\/v2\/product_tag?post=19913"}],"curies":[{"name":"wp","href":"https:\/\/api.w.org\/{rel}","templated":true}]}}