{"id":19891,"date":"2019-06-03T11:48:49","date_gmt":"2019-10-30T11:48:22","guid":{"rendered":"https:\/\/newgarden.es\/shop\/unkategorisiert\/menorca-bench-light\/"},"modified":"2019-12-20T09:56:19","modified_gmt":"2019-12-20T08:56:19","slug":"menorca-bench-luz-2","status":"publish","type":"product","link":"https:\/\/developing.newgarden.es\/de\/shop\/moebel\/sitzgelegenheiten\/menorca-bench-luz-2\/","title":{"rendered":"MENORCA BENCH LIGHT"},"content":{"rendered":"<section class=\"wpb-content-wrapper\"><p>[vc_row][vc_column el_class=&#8221;descripcion_producto&#8221;][vc_column_text]<\/p>\n<p style=\"text-align: justify\">*MENORCA: Bequemes Zweisitziger-Sofa, das darauf ausgerichtet ist, Teil der MALLORCA und CAPRI Sets zu sein. Robust und leicht, hat es die perfekte Balance zwischen Qualit\u00e4t und Design. Sie k\u00f6nnen es in zwei verschiedenen R\u00fcckenlehne-H\u00f6hen finden: BANK und SOFA. <em>Es ist in verschiedenen Farben und Ausf\u00fchrungen erh\u00e4ltlich. Mit dem SOLAR-Finish k\u00f6nnen Sie die Verwendung von Kabeln vergessen. <\/em><\/p>\n<p style=\"text-align: justify\"><em>Alle Newgarden-Produkte bestehen aus Polyethylen, sind also leicht und sehr widerstandsf\u00e4hig gegen extreme Temperaturen. Sie sind auch gegen UV-Strahlen gesch\u00fctzt, wodurch die Lebensdauer des Produkts au\u00dferordentlich lang ist. <\/em><\/p>\n<p>[\/vc_column_text][\/vc_column][\/vc_row][vc_row disable_element=&#8221;yes&#8221;][vc_column][vc_single_image image=&#8221;6566&#8243; img_size=&#8221;full&#8221;][\/vc_column][\/vc_row][vc_row][vc_column width=&#8221;1\/2&#8243;][vc_btn title=&#8221;Technisches Datenblatt&#8221; style=&#8221;custom&#8221; custom_background=&#8221;#009bc2&#8243; custom_text=&#8221;#ffffff&#8221; shape=&#8221;square&#8221; link=&#8221;url:https%3A%2F%2Fwww.newgarden.es%2Fwp-content%2Fuploads%2F2018%2F05%2FMenorca-Bench.pdf.pdf|target:%20_blank|&#8221; el_class=&#8221;btn_descargar_ficha&#8221;][\/vc_column][vc_column width=&#8221;1\/2&#8243;][vc_btn title=&#8221;BEDIENUNGSANLEITUNG&#8221; style=&#8221;custom&#8221; custom_background=&#8221;#009bc2&#8243; custom_text=&#8221;#ffffff&#8221; shape=&#8221;square&#8221; link=&#8221;url:https%3A%2F%2Fdeveloping.newgarden.es%2Finstrucciones%2F||target:%20_blank|&#8221; el_class=&#8221;btn_descargar_ficha&#8221;][\/vc_column][\/vc_row]<\/p>\n<\/section>","protected":false},"excerpt":{"rendered":"<h1 style=\"font-size: 12px\">Bench Menorca Sofa Outdoor-Design und G\u00e4rten<\/h1>\n","protected":false},"featured_media":19894,"template":"","meta":[],"product_cat":[772,773],"product_tag":[793,765,789],"class_list":{"0":"post-19891","1":"product","2":"type-product","3":"status-publish","4":"has-post-thumbnail","6":"product_cat-moebel","7":"product_cat-sitzgelegenheiten","8":"product_tag-drahtlose","9":"product_tag-kabel","10":"product_tag-solar-de","12":"first","13":"instock","14":"taxable","15":"shipping-taxable","16":"purchasable","17":"product-type-variable"},"df_price":350,"df_sale_price":"","df_regular_price":350,"df_image_link":"https:\/\/developing.newgarden.es\/wp-content\/uploads\/2019\/06\/becnh.png","_links":{"self":[{"href":"https:\/\/developing.newgarden.es\/de\/wp-json\/wp\/v2\/product\/19891"}],"collection":[{"href":"https:\/\/developing.newgarden.es\/de\/wp-json\/wp\/v2\/product"}],"about":[{"href":"https:\/\/developing.newgarden.es\/de\/wp-json\/wp\/v2\/types\/product"}],"wp:featuredmedia":[{"embeddable":true,"href":"https:\/\/developing.newgarden.es\/de\/wp-json\/wp\/v2\/media\/19894"}],"wp:attachment":[{"href":"https:\/\/developing.newgarden.es\/de\/wp-json\/wp\/v2\/media?parent=19891"}],"wp:term":[{"taxonomy":"product_cat","embeddable":true,"href":"https:\/\/developing.newgarden.es\/de\/wp-json\/wp\/v2\/product_cat?post=19891"},{"taxonomy":"product_tag","embeddable":true,"href":"https:\/\/developing.newgarden.es\/de\/wp-json\/wp\/v2\/product_tag?post=19891"}],"curies":[{"name":"wp","href":"https:\/\/api.w.org\/{rel}","templated":true}]}}