{"id":55658,"date":"2024-05-17T11:58:57","date_gmt":"2024-05-17T09:58:57","guid":{"rendered":"https:\/\/newgarden.es\/fachleute\/"},"modified":"2024-06-21T13:18:21","modified_gmt":"2024-06-21T11:18:21","slug":"fachleute","status":"publish","type":"page","link":"https:\/\/developing.newgarden.es\/de\/fachleute\/","title":{"rendered":"Fachleute"},"content":{"rendered":"<section class=\"wpb-content-wrapper\"><p>[vc_row full_width=&#8221;stretch_row&#8221; css=&#8221;.vc_custom_1698147221031{padding-top: 20px !important;padding-bottom: 90px !important;background-position: center !important;background-repeat: no-repeat !important;background-size: cover !important;}&#8221;][vc_column css=&#8221;.vc_custom_1533364400397{margin-bottom: 0px !important;}&#8221;][vc_custom_heading text=&#8221;Fachleute&#8221; font_container=&#8221;tag:h1|font_size:60px|text_align:center|color:%23ada699|line_height:1em&#8221; use_theme_fonts=&#8221;yes&#8221;][\/vc_column][\/vc_row][vc_row full_width=&#8221;stretch_row_content_no_spaces&#8221; css=&#8221;.vc_custom_1718717886741{padding-top: 20px !important;padding-bottom: 90px !important;background-position: center !important;background-repeat: no-repeat !important;background-size: cover !important;}&#8221;][vc_column width=&#8221;1\/2&#8243; css=&#8221;.vc_custom_1718717898277{margin-bottom: 0px !important;}&#8221;][vc_custom_heading text=&#8221;Newgarden Europa&#8221; font_container=&#8221;tag:h2|font_size:30px|text_align:center|color:%23222222|line_height:1em&#8221; use_theme_fonts=&#8221;yes&#8221; css=&#8221;.vc_custom_1718718167150{margin-bottom: 13px !important;}&#8221;][vc_text_separator title=&#8221;Europa&#8221;][vc_column_text css_animation=&#8221;none&#8221;]<\/p>\n<p style=\"text-align: left; color: #555;\">+34 968 97 88 06<br \/>\ninfo@newgarden.es<\/p>\n<h5>NEWGARDEN SPAIN<br \/>\nAvenida de Francia 5-15<br \/>\nPol\u00edgono Industrial Las Salinas<br \/>\nCP: 30840 Alhama de Murcia (Murcia)<br \/>\nEspa\u00f1a<\/h5>\n<p>[\/vc_column_text][\/vc_column][vc_column width=&#8221;1\/2&#8243;][vc_custom_heading text=&#8221;Newgarden Europa&#8221; font_container=&#8221;tag:h2|font_size:30px|text_align:center|color:%23222222|line_height:1em&#8221; use_theme_fonts=&#8221;yes&#8221; css=&#8221;.vc_custom_1718718210911{margin-bottom: 13px !important;}&#8221;][vc_text_separator title=&#8221;Am\u00e9rica&#8221;][vc_column_text css_animation=&#8221;none&#8221; css=&#8221;.vc_custom_1718717948499{margin-bottom: 15px !important;}&#8221;]<\/p>\n<p style=\"text-align: left; color: #555;\">+52 442 688 94 83<br \/>\ninfomx@newgarden.es<\/p>\n<h5>NEWGARDEN MEXICO<br \/>\nAv. Pirineos 535-Bodega 7,<br \/>\nBenito Ju\u00e1rez,<br \/>\n76089 Santiago de Quer\u00e9taro,<br \/>\nQro., M\u00e9xico<\/h5>\n<p>[\/vc_column_text][\/vc_column][\/vc_row][vc_row full_width=&#8221;stretch_row&#8221; css=&#8221;.vc_custom_1698147272973{padding-top: 60px !important;padding-bottom: 60px !important;background-color: #f5f2ef !important;}&#8221;][vc_column css=&#8221;.vc_custom_1533364400397{margin-bottom: 0px !important;}&#8221;][vc_custom_heading text=&#8221;Kontaktieren Sie einen unserer Experten f\u00fcr Fachleute&#8221; font_container=&#8221;tag:h6|font_size:30px|text_align:left|color:%23ada699|line_height:1em&#8221; use_theme_fonts=&#8221;yes&#8221; css=&#8221;.vc_custom_1698147882399{margin-bottom: 30px !important;padding-top: 30px !important;}&#8221;][vc_empty_space height=&#8221;35px&#8221;]\n<div class=\"wpcf7 no-js\" id=\"wpcf7-f56119-o1\" lang=\"de-DE\" dir=\"ltr\" data-wpcf7-id=\"56119\">\n<div class=\"screen-reader-response\"><p role=\"status\" aria-live=\"polite\" aria-atomic=\"true\"><\/p> <ul><\/ul><\/div>\n<form action=\"\/de\/wp-json\/wp\/v2\/pages\/55658#wpcf7-f56119-o1\" method=\"post\" class=\"wpcf7-form init\" aria-label=\"Kontaktformular\" novalidate=\"novalidate\" data-status=\"init\">\n<div style=\"display: none;\">\n<input type=\"hidden\" name=\"_wpcf7\" value=\"56119\" \/>\n<input type=\"hidden\" name=\"_wpcf7_version\" value=\"6.0.6\" \/>\n<input type=\"hidden\" name=\"_wpcf7_locale\" value=\"de_DE\" \/>\n<input type=\"hidden\" name=\"_wpcf7_unit_tag\" value=\"wpcf7-f56119-o1\" \/>\n<input type=\"hidden\" name=\"_wpcf7_container_post\" value=\"0\" \/>\n<input type=\"hidden\" name=\"_wpcf7_posted_data_hash\" value=\"\" \/>\n<input type=\"hidden\" name=\"_wpcf7_recaptcha_response\" value=\"\" \/>\n<\/div>\n<p><label> Ihr Name*<br \/>\n<span class=\"wpcf7-form-control-wrap\" data-name=\"your-name\"><input size=\"40\" maxlength=\"400\" class=\"wpcf7-form-control wpcf7-text wpcf7-validates-as-required\" aria-required=\"true\" aria-invalid=\"false\" value=\"\" type=\"text\" name=\"your-name\" \/><\/span> <\/label>\n<\/p>\n<p><label> Ihr E-Mail *<br \/>\n<span class=\"wpcf7-form-control-wrap\" data-name=\"your-email\"><input size=\"40\" maxlength=\"400\" class=\"wpcf7-form-control wpcf7-email wpcf7-validates-as-required wpcf7-text wpcf7-validates-as-email\" aria-required=\"true\" aria-invalid=\"false\" value=\"\" type=\"email\" name=\"your-email\" \/><\/span> <\/label>\n<\/p>\n<p><label> Thema<br \/>\n<span class=\"wpcf7-form-control-wrap\" data-name=\"your-subject\"><input size=\"40\" maxlength=\"400\" class=\"wpcf7-form-control wpcf7-text\" aria-invalid=\"false\" value=\"\" type=\"text\" name=\"your-subject\" \/><\/span> <\/label>\n<\/p>\n<p><label> Ihre Nachricht<br \/>\n<span class=\"wpcf7-form-control-wrap\" data-name=\"your-message\"><textarea cols=\"40\" rows=\"10\" maxlength=\"2000\" class=\"wpcf7-form-control wpcf7-textarea\" aria-invalid=\"false\" name=\"your-message\"><\/textarea><\/span> <\/label>\n<\/p>\n<p><label>NEWGARDEN SPAIN, S.L. verarbeitet Ihre personenbezogenen Daten, um Ihre Registrierung als Nutzer zu verwalten, den Kauf von Produkten zu verwalten, Ihre Anfragen zu bearbeiten und Ihnen, wenn Sie es w\u00fcnschen, unsere personalisierten Mitteilungen zu senden. Sie k\u00f6nnen Ihre Rechte auf Zugang, Berichtigung, L\u00f6schung und \u00dcbertragbarkeit Ihrer Daten, auf Einschr\u00e4nkung und Widerspruch gegen deren Verarbeitung sowie auf Ablehnung von Entscheidungen, die ausschlie\u00dflich auf der automatisierten Verarbeitung Ihrer Daten beruhen, gegebenenfalls unter der E-Mail-Adresse info@newgarden.es geltend machen.<br \/>\nWir empfehlen Ihnen, die Datenschutzbestimmungen zu lesen, bevor Sie uns Ihre personenbezogenen Daten zur Verf\u00fcgung stellen.<br \/>\n<\/label>\n<\/p>\n<p><span class=\"wpcf7-form-control-wrap\" data-name=\"Politicaprivacidad\"><span class=\"wpcf7-form-control wpcf7-checkbox wpcf7-validates-as-required\"><span class=\"wpcf7-list-item first last\"><input type=\"checkbox\" name=\"Politicaprivacidad[]\" value=\"Ich habe die Bedingungen der Datenschutzerkl\u00e4rung gelesen und akzeptiere sie\" \/><span class=\"wpcf7-list-item-label\">Ich habe die Bedingungen der Datenschutzerkl\u00e4rung gelesen und akzeptiere sie<\/span><\/span><\/span><\/span>\n<\/p>\n<p><input class=\"wpcf7-form-control wpcf7-submit has-spinner\" type=\"submit\" value=\"Senden Sie\" \/>\n<\/p><div class=\"wpcf7-response-output\" aria-hidden=\"true\"><\/div>\n<\/form>\n<\/div>\n[\/vc_column][\/vc_row][vc_row full_width=&#8221;stretch_row&#8221; css=&#8221;.vc_custom_1698147361570{padding-top: 120px !important;padding-bottom: 120px !important;background-color: #8b949d !important;}&#8221;][vc_column css=&#8221;.vc_custom_1533364400397{margin-bottom: 0px !important;}&#8221;][vc_custom_heading text=&#8221;Haben Sie ein Beleuchtungs-, Dekorations- oder Gartengesch\u00e4ft? Sind Sie Architekt, Dekorateur oder Installateur? Sind Sie Hotelier \/ Gastwirt?&#8221; font_container=&#8221;tag:h6|font_size:18px|text_align:center|color:%23d1d7db|line_height:2em&#8221; use_theme_fonts=&#8221;yes&#8221; css=&#8221;.vc_custom_1698148489763{margin-bottom: 30px !important;}&#8221;][vc_empty_space height=&#8221;20px&#8221;][vc_custom_heading text=&#8221;Registrieren Sie sich jetzt und bestellen Sie online als Fachmann:&#8221; font_container=&#8221;tag:h2|font_size:48px|text_align:center|color:%23ffffff|line_height:1em&#8221; use_theme_fonts=&#8221;yes&#8221; css=&#8221;.vc_custom_1698148510988{margin-top: 13px !important;margin-bottom: 13px !important;}&#8221;][vc_empty_space height=&#8221;60px&#8221;][vc_btn title=&#8221;ICH BIN DEKORATEUR, ARCHITEKT, INSTALLATEUR, ICH HABE EIN DEKORATIONSPROJEKT&#8221; style=&#8221;flat&#8221; shape=&#8221;square&#8221; color=&#8221;inverse&#8221; align=&#8221;center&#8221; link=&#8221;url:https%3A%2F%2Fnewgardenstore.de%2Fpages%2Fregister|&#8221;][vc_btn title=&#8221;ICH HABE EIN GESCH\u00c4FT F\u00dcR BELEUCHTUNG, DEKORATION ODER GARTENARBEIT&#8221; style=&#8221;flat&#8221; shape=&#8221;square&#8221; color=&#8221;inverse&#8221; align=&#8221;center&#8221; link=&#8221;url:https%3A%2F%2Fnewgardenpro.com%2Faccount%2Flogin|&#8221;][vc_btn title=&#8221;ICH BIN EIN HOTELIER \/ HORECA&#8221; style=&#8221;flat&#8221; shape=&#8221;square&#8221; color=&#8221;inverse&#8221; align=&#8221;center&#8221; link=&#8221;url:https%3A%2F%2Fnewgardenstore.de%2Fpages%2Fregister|&#8221;][\/vc_column][\/vc_row][vc_row full_width=&#8221;stretch_row_content&#8221; css=&#8221;.vc_custom_1698148864315{background-image: url(https:\/\/developing.newgarden.es\/wp-content\/uploads\/2023\/09\/rasa3.jpg?id=48326) !important;background-position: center !important;background-repeat: no-repeat !important;background-size: cover !important;}&#8221;][vc_column offset=&#8221;vc_hidden-xs&#8221;][vc_empty_space height=&#8221;800px&#8221;][\/vc_column][\/vc_row][vc_row full_width=&#8221;stretch_row_content&#8221; css=&#8221;.vc_custom_1698148864315{background-image: url(https:\/\/developing.newgarden.es\/wp-content\/uploads\/2023\/09\/rasa3.jpg?id=48326) !important;background-position: center !important;background-repeat: no-repeat !important;background-size: cover !important;}&#8221;][vc_column offset=&#8221;vc_hidden-lg vc_hidden-md vc_hidden-sm&#8221;][vc_empty_space height=&#8221;300px&#8221;][\/vc_column][\/vc_row]<\/p>\n<\/section>","protected":false},"excerpt":{"rendered":"<p>[vc_row full_width=&#8221;stretch_row&#8221; css=&#8221;.vc_custom_1698147221031{padding-top: 20px !important;padding-bottom: 90px !important;background-position: center !important;background-repeat: no-repeat !important;background-size: cover !important;}&#8221;][vc_column css=&#8221;.vc_custom_1533364400397{margin-bottom: 0px !important;}&#8221;][vc_custom_heading text=&#8221;Fachleute&#8221; font_container=&#8221;tag:h1|font_size:60px|text_align:center|color:%23ada699|line_height:1em&#8221; use_theme_fonts=&#8221;yes&#8221;][\/vc_column][\/vc_row][vc_row full_width=&#8221;stretch_row_content_no_spaces&#8221; css=&#8221;.vc_custom_1718717886741{padding-top: 20px !important;padding-bottom: 90px !important;background-position: center !important;background-repeat: no-repeat !important;background-size: cover<\/p>\n","protected":false},"author":1,"featured_media":48321,"parent":0,"menu_order":0,"comment_status":"closed","ping_status":"closed","template":"","meta":{"footnotes":""},"class_list":["post-55658","page","type-page","status-publish","has-post-thumbnail","hentry"],"_links":{"self":[{"href":"https:\/\/developing.newgarden.es\/de\/wp-json\/wp\/v2\/pages\/55658"}],"collection":[{"href":"https:\/\/developing.newgarden.es\/de\/wp-json\/wp\/v2\/pages"}],"about":[{"href":"https:\/\/developing.newgarden.es\/de\/wp-json\/wp\/v2\/types\/page"}],"author":[{"embeddable":true,"href":"https:\/\/developing.newgarden.es\/de\/wp-json\/wp\/v2\/users\/1"}],"replies":[{"embeddable":true,"href":"https:\/\/developing.newgarden.es\/de\/wp-json\/wp\/v2\/comments?post=55658"}],"version-history":[{"count":4,"href":"https:\/\/developing.newgarden.es\/de\/wp-json\/wp\/v2\/pages\/55658\/revisions"}],"predecessor-version":[{"id":66023,"href":"https:\/\/developing.newgarden.es\/de\/wp-json\/wp\/v2\/pages\/55658\/revisions\/66023"}],"wp:featuredmedia":[{"embeddable":true,"href":"https:\/\/developing.newgarden.es\/de\/wp-json\/wp\/v2\/media\/48321"}],"wp:attachment":[{"href":"https:\/\/developing.newgarden.es\/de\/wp-json\/wp\/v2\/media?parent=55658"}],"curies":[{"name":"wp","href":"https:\/\/api.w.org\/{rel}","templated":true}]}}