{"id":55644,"date":"2024-05-17T10:57:37","date_gmt":"2024-05-17T08:57:37","guid":{"rendered":"https:\/\/newgarden.es\/be-happy-spirit-als-lebensphilosophie\/"},"modified":"2024-06-21T13:20:57","modified_gmt":"2024-06-21T11:20:57","slug":"be-happy-spirit-als-lebensphilosophie","status":"publish","type":"page","link":"https:\/\/developing.newgarden.es\/de\/be-happy-spirit-als-lebensphilosophie\/","title":{"rendered":"Be happy spirit als Lebensphilosophie"},"content":{"rendered":"<section class=\"wpb-content-wrapper\"><p>[vc_row][vc_column][vc_empty_space height=&#8221;100px&#8221;][vc_column_text]<\/p>\n<p style=\"text-align: center; font-size: 30px;\"><span style=\"color: #ada699;\">Unser Ziel: die Welt zu inspirieren, indem wir unsere Leidenschaft f\u00fcr Beleuchtung, Stil und mediterrane Kultur teilen.<\/span><\/p>\n<p>[\/vc_column_text][vc_empty_space height=&#8221;100px&#8221;][\/vc_column][\/vc_row][vc_row full_width=&#8221;stretch_row&#8221; css=&#8221;.vc_custom_1701074270861{background-image: url(https:\/\/developing.newgarden.es\/wp-content\/uploads\/2023\/11\/Sin-titulo-3-2.jpg?id=52824) !important;background-position: center !important;background-repeat: no-repeat !important;background-size: cover !important;}&#8221;][vc_column][vc_empty_space height=&#8221;600px&#8221;][\/vc_column][\/vc_row][vc_row][vc_column][vc_empty_space height=&#8221;100px&#8221;][vc_column_text]<\/p>\n<p style=\"text-align: center;\">Unsere Teammitglieder sind die Grundlage f\u00fcr unser kontinuierliches Wachstum. F\u00fcr uns ist jeder Mensch ein Talent mit gro\u00dfem Entwicklungspotenzial. Bei Newgarden wollen wir einen inspirierenden Arbeitsplatz mit einem kreativen, unterhaltsamen und dynamischen Umfeld schaffen.<\/p>\n<p style=\"text-align: center;\">Wir haben einen sehr ehrgeizigen Entwicklungsplan. Wir sind das f\u00fchrende Unternehmen in unserem Sektor in Spanien und exportieren in ganz Europa mit einer starken Pr\u00e4senz in L\u00e4ndern wie Frankreich, Deutschland und Italien.<\/p>\n<p style=\"text-align: center;\">Hier k\u00f6nnen Sie ganz Sie selbst sein&#8230; wir verlangen das sogar!<\/p>\n<p>[\/vc_column_text][vc_empty_space height=&#8221;100px&#8221;][\/vc_column][\/vc_row][vc_row full_width=&#8221;stretch_row&#8221; css=&#8221;.vc_custom_1701077614074{background-image: url(https:\/\/developing.newgarden.es\/wp-content\/uploads\/2023\/11\/NEWGARDEN-RECURSOS-VIDEO-255.jpg?id=52858) !important;background-position: center !important;background-repeat: no-repeat !important;background-size: cover !important;}&#8221;][vc_column][vc_empty_space height=&#8221;600px&#8221;][\/vc_column][\/vc_row][vc_row full_width=&#8221;stretch_row&#8221; gap=&#8221;10&#8243; css=&#8221;.vc_custom_1701078512010{padding-top: 40px !important;padding-bottom: 40px !important;background-color: #e9e7da !important;}&#8221;][vc_column width=&#8221;1\/2&#8243;][vc_single_image image=&#8221;52866&#8243; img_size=&#8221;large&#8221;][vc_single_image image=&#8221;52871&#8243; img_size=&#8221;large&#8221;][vc_single_image image=&#8221;52876&#8243; img_size=&#8221;large&#8221;][vc_single_image image=&#8221;52881&#8243; img_size=&#8221;large&#8221;][\/vc_column][vc_column width=&#8221;1\/2&#8243;][vc_custom_heading text=&#8221;Was wir bieten&#8221; font_container=&#8221;tag:h2|text_align:left|color:%238f8b85&#8243; use_theme_fonts=&#8221;yes&#8221; css=&#8221;.vc_custom_1701078577803{margin-bottom: 30px !important;}&#8221;][vc_column_text]<strong>Der Mensch steht im Mittelpunkt.<\/strong><br \/>\nWir bilden Menschen aus und helfen ihnen, ihre Tr\u00e4ume zu verwirklichen. Wir arbeiten als Team, mit einem offenen Geist und einem gro\u00dfz\u00fcgigen Herzen, &#8220;um f\u00fcr Sie zu erreichen, was ich f\u00fcr mich selbst will&#8221;.<\/p>\n<p>&nbsp;<\/p>\n<p><strong>Wachstum und Entwicklung.<\/strong><br \/>\nWir wissen, dass die besten Arbeitspl\u00e4tze mit Authentizit\u00e4t, Wachstum und Teamarbeit verbunden sind. Wenn unsere Mitarbeiter wachsen, wachsen wir mit ihnen.<\/p>\n<p>&nbsp;<\/p>\n<p><strong>Lernen<\/strong><br \/>\nWir investieren in die Entwicklung unseres Teams, indem wir eine Vielzahl von Schulungsprogrammen f\u00fcr diejenigen anbieten, die Neues lernen und wachsen wollen.<\/p>\n<p>&nbsp;<\/p>\n<p><strong>Kommunikation, Bescheidenheit und Transparenz<\/strong><br \/>\nWir sind so, wie Sie uns sehen, und wir behandeln Sie so, wie wir selbst behandelt werden m\u00f6chten, indem wir mit uns selbst und unseren Werten im Einklang stehen.<\/p>\n<p>&nbsp;<\/p>\n<p><strong>Leidenschaft<\/strong><br \/>\nWir haben eine Leidenschaft f\u00fcr Herausforderungen und machen schwierige Dinge einfach. Wir haben den Wunsch, \u00fcber uns hinauszuwachsen, sind initiativ und haben einen kritischen Geist.<\/p>\n<p>&nbsp;<\/p>\n<p><strong>Ethik<\/strong><br \/>\nBei Newgarden steht der gegenseitige Respekt zwischen allen Teammitgliedern an erster Stelle, wir akzeptieren unsere Unterschiede und begr\u00fc\u00dfen jede Art von Beitrag. Unabh\u00e4ngig davon, in welcher Abteilung Sie arbeiten, werden Sie von einer vielf\u00e4ltigen Gruppe von Menschen mit unterschiedlichen F\u00e4higkeiten, aber mit gemeinsamen Werten umgeben sein.[\/vc_column_text][\/vc_column][\/vc_row][vc_row full_width=&#8221;stretch_row&#8221; css=&#8221;.vc_custom_1701078679655{background-image: url(https:\/\/developing.newgarden.es\/wp-content\/uploads\/2023\/11\/Sin-titulo-4-1.jpg?id=52835) !important;background-position: center !important;background-repeat: no-repeat !important;background-size: cover !important;}&#8221;][vc_column][vc_empty_space height=&#8221;600px&#8221;][\/vc_column][\/vc_row][vc_row][vc_column][vc_empty_space height=&#8221;100px&#8221;][vc_custom_heading text=&#8221;Wer wir sind&#8221; font_container=&#8221;tag:h2|text_align:left|color:%238f8b85&#8243; use_theme_fonts=&#8221;yes&#8221; css=&#8221;.vc_custom_1705310561696{margin-bottom: 30px !important;}&#8221;][vc_column_text]Von unseren Anf\u00e4ngen bis heute haben sich die M\u00e4rkte und unsere Produkte st\u00e4ndig weiterentwickelt, aber wenn es etwas gibt, das unser Team in dieser Zeit gepr\u00e4gt hat und immer pr\u00e4sent war, dann ist es unser Be Happy Spirit.<\/p>\n<p>Wir alle haben einen gemeinsamen Grund, warum wir hier sind: um unser Leben intensiv zu leben und zu teilen, um zu wachsen und Emotionen zu wecken und um in st\u00e4ndigem Kontakt mit den neuesten Trends, dem Design und der Technologie zu sein.<\/p>\n<p>Unser 80-k\u00f6pfiges Team hat Newgarden zu einem transparenten und ansprechbaren Unternehmen gemacht, das sich dem Dienst am Menschen verschrieben hat.[\/vc_column_text][\/vc_column][\/vc_row][vc_row css=&#8221;.vc_custom_1706629836501{margin-bottom: 50px !important;padding-top: 30px !important;padding-right: 30px !important;padding-bottom: 30px !important;padding-left: 30px !important;background-color: #e8e8e8 !important;}&#8221;][vc_column][vc_custom_heading text=&#8221;Auftrag&#8221; font_container=&#8221;tag:h2|text_align:left|color:%238f8b85&#8243; use_theme_fonts=&#8221;yes&#8221; css=&#8221;.vc_custom_1705311049589{margin-bottom: 30px !important;}&#8221;][vc_column_text]Unsere Mission ist es, der Gesellschaft dekorative Beleuchtungsl\u00f6sungen und Accessoires f\u00fcr den Au\u00dfenbereich mit einem trendigen und funktionellen Design in allen Haushaltskan\u00e4len anzubieten.[\/vc_column_text][vc_custom_heading text=&#8221;Vision&#8221; font_container=&#8221;tag:h2|text_align:left|color:%238f8b85&#8243; use_theme_fonts=&#8221;yes&#8221; css=&#8221;.vc_custom_1705311251323{margin-bottom: 30px !important;}&#8221;][vc_column_text]Unsere Vision ist es, in Europa, Amerika und dem Nahen Osten f\u00fchrend zu sein in dekorativen Beleuchtungsl\u00f6sungen und Accessoires f\u00fcr den Au\u00dfenbereich mit trendigem und funktionellem Design, wobei wir Nachhaltigkeit und Innovation als grundlegende Entwicklungsachsen einbeziehen. Wir wollen die Menschen dazu inspirieren, das Leben durch ein nachhaltiges Wachstumsmodell zu genie\u00dfen, das die st\u00e4ndige Weiterentwicklung unseres Teams erm\u00f6glicht.[\/vc_column_text][vc_custom_heading text=&#8221;Unsere Werte&#8221; font_container=&#8221;tag:h2|text_align:left|color:%238f8b85&#8243; use_theme_fonts=&#8221;yes&#8221; css=&#8221;.vc_custom_1705311407373{margin-bottom: 30px !important;}&#8221;][vc_column_text]<\/p>\n<ul>\n<li>Der Mensch steht im Mittelpunkt von allem. Wir bilden Menschen aus und begleiten sie bei der Verwirklichung ihrer Tr\u00e4ume.<\/li>\n<li>Bescheidenheit\/Transparenz. Wir sind, was Sie sehen. Wir sind mit uns selbst und unseren Werten im Einklang.<\/li>\n<li>Passion. Wir sind leidenschaftlich bei Herausforderungen und machen das Schwierige leicht.<\/li>\n<li>Design\/Qualit\u00e4t und Innovation. Wir bieten L\u00f6sungen, die den Anforderungen der Gesellschaft entsprechen.<\/li>\n<li>Wachstum und Leadership. Wenn unsere Partner wachsen, wachsen wir mit ihnen.<\/li>\n<li>Nachhaltigkeit\/CSR. In der Gegenwart handeln und an die Zukunft denken.<\/li>\n<\/ul>\n<p>[\/vc_column_text][\/vc_column][\/vc_row][vc_row full_width=&#8221;stretch_row&#8221; css=&#8221;.vc_custom_1705311813061{background-image: url(https:\/\/developing.newgarden.es\/wp-content\/uploads\/2024\/01\/NG_Grupal_2022.jpg?id=52932) !important;background-position: center !important;background-repeat: no-repeat !important;background-size: cover !important;}&#8221;][vc_column][vc_empty_space height=&#8221;600px&#8221;][\/vc_column][\/vc_row][vc_row full_width=&#8221;stretch_row&#8221; css=&#8221;.vc_custom_1705312102706{padding-top: 30px !important;padding-bottom: 30px !important;background-color: #e9e7da !important;}&#8221;][vc_column][vc_custom_heading text=&#8221;Beitreten&#8221; font_container=&#8221;tag:h2|font_size:40px|text_align:center|color:%238f8b85&#8243; use_theme_fonts=&#8221;yes&#8221; css=&#8221;.vc_custom_1705312074455{margin-bottom: 30px !important;}&#8221;][vc_column_text]<br \/>\n&nbsp;<br \/>\n[\/vc_column_text]\n<div class=\"wpcf7 no-js\" id=\"wpcf7-f56114-o1\" lang=\"de-DE\" dir=\"ltr\" data-wpcf7-id=\"56114\">\n<div class=\"screen-reader-response\"><p role=\"status\" aria-live=\"polite\" aria-atomic=\"true\"><\/p> <ul><\/ul><\/div>\n<form action=\"\/de\/wp-json\/wp\/v2\/pages\/55644#wpcf7-f56114-o1\" method=\"post\" class=\"wpcf7-form init\" aria-label=\"Kontaktformular\" enctype=\"multipart\/form-data\" novalidate=\"novalidate\" data-status=\"init\">\n<div style=\"display: none;\">\n<input type=\"hidden\" name=\"_wpcf7\" value=\"56114\" \/>\n<input type=\"hidden\" name=\"_wpcf7_version\" value=\"6.0.6\" \/>\n<input type=\"hidden\" name=\"_wpcf7_locale\" value=\"de_DE\" \/>\n<input type=\"hidden\" name=\"_wpcf7_unit_tag\" value=\"wpcf7-f56114-o1\" \/>\n<input type=\"hidden\" name=\"_wpcf7_container_post\" value=\"0\" \/>\n<input type=\"hidden\" name=\"_wpcf7_posted_data_hash\" value=\"\" \/>\n<input type=\"hidden\" name=\"_wpcf7_recaptcha_response\" value=\"\" \/>\n<\/div>\n<p><label> Ihr Name*<br \/>\n<span class=\"wpcf7-form-control-wrap\" data-name=\"your-name\"><input size=\"40\" maxlength=\"400\" class=\"wpcf7-form-control wpcf7-text wpcf7-validates-as-required\" aria-required=\"true\" aria-invalid=\"false\" value=\"\" type=\"text\" name=\"your-name\" \/><\/span> <\/label>\n<\/p>\n<p><label> Ihre E-Mail *<br \/>\n<span class=\"wpcf7-form-control-wrap\" data-name=\"your-email\"><input size=\"40\" maxlength=\"400\" class=\"wpcf7-form-control wpcf7-email wpcf7-validates-as-required wpcf7-text wpcf7-validates-as-email\" aria-required=\"true\" aria-invalid=\"false\" value=\"\" type=\"email\" name=\"your-email\" \/><\/span> <\/label>\n<\/p>\n<p><label> Nachricht<br \/>\n<span class=\"wpcf7-form-control-wrap\" data-name=\"your-message\"><textarea cols=\"40\" rows=\"10\" maxlength=\"2000\" class=\"wpcf7-form-control wpcf7-textarea\" aria-invalid=\"false\" name=\"your-message\"><\/textarea><\/span> <\/label>\n<\/p>\n<p><label> F\u00fcgen Sie Ihren Lebenslauf bei (.pdf .doc .docx) *<br \/>\n<span class=\"wpcf7-form-control-wrap\" data-name=\"Curriculum\"><input size=\"40\" class=\"wpcf7-form-control wpcf7-file wpcf7-validates-as-required\" accept=\".pdf,.doc,.docx\" aria-required=\"true\" aria-invalid=\"false\" type=\"file\" name=\"Curriculum\" \/><\/span> <\/label>\n<\/p>\n<p><label>NEWGARDEN SPAIN, S.L. wird Ihre personenbezogenen Daten verarbeiten, um an den Auswahlverfahren der Organisation teilzunehmen. Sie k\u00f6nnen Ihre Rechte auf Zugang, Berichtigung, L\u00f6schung und \u00dcbertragbarkeit Ihrer Daten, auf Einschr\u00e4nkung der Verarbeitung und auf Widerspruch gegen die Verarbeitung sowie gegen Entscheidungen, die ausschlie\u00dflich auf der automatisierten Verarbeitung Ihrer Daten beruhen, gegebenenfalls unter der E-Mail-Adresse info@newgarden.es geltend machen.<br \/>\nWir empfehlen Ihnen, die Datenschutzbestimmungen zu lesen, bevor Sie uns Ihre personenbezogenen Daten zur Verf\u00fcgung stellen.<br \/>\n<\/label>\n<\/p>\n<p><span class=\"wpcf7-form-control-wrap\" data-name=\"Politicaprivacidad\"><span class=\"wpcf7-form-control wpcf7-checkbox wpcf7-validates-as-required\"><span class=\"wpcf7-list-item first last\"><input type=\"checkbox\" name=\"Politicaprivacidad[]\" value=\"Ich habe die Bedingungen des Datenschutzes und der Datenschutzerkl\u00e4rung gelesen und akzeptiere sie.\" \/><span class=\"wpcf7-list-item-label\">Ich habe die Bedingungen des Datenschutzes und der Datenschutzerkl\u00e4rung gelesen und akzeptiere sie.<\/span><\/span><\/span><\/span>\n<\/p>\n<p><a href=\"https:\/\/developing.newgarden.es\/politica-de-privacidad\/\"> Siehe unsere Datenschutz- und Geheimhaltungspolitik<\/a>\n<\/p>\n<p><input class=\"wpcf7-form-control wpcf7-submit has-spinner\" type=\"submit\" value=\"Senden Sie\" \/>\n<\/p><div class=\"wpcf7-response-output\" aria-hidden=\"true\"><\/div>\n<\/form>\n<\/div>\n[\/vc_column][\/vc_row][vc_row full_width=&#8221;stretch_row&#8221; css=&#8221;.vc_custom_1705312687279{padding-top: 30px !important;padding-bottom: 30px !important;background-color: #ffffff !important;}&#8221;][vc_column][vc_custom_heading text=&#8221;   &#8221; font_container=&#8221;tag:h2|font_size:40px|text_align:center|color:%238f8b85&#8243; use_theme_fonts=&#8221;yes&#8221; css=&#8221;.vc_custom_1705312700242{margin-bottom: 30px !important;}&#8221;][vc_column_text]<br \/>\n&nbsp;<br \/>\n[\/vc_column_text][vc_row_inner][vc_column_inner][vc_column_text]<br \/>\n&nbsp;<br \/>\n[\/vc_column_text][\/vc_column_inner][\/vc_row_inner][\/vc_column][\/vc_row][vc_row full_width=&#8221;stretch_row&#8221; css=&#8221;.vc_custom_1705312655310{background-image: url(https:\/\/developing.newgarden.es\/wp-content\/uploads\/2024\/01\/rrhh.jpg?id=52940) !important;background-position: center !important;background-repeat: no-repeat !important;background-size: cover !important;}&#8221;][vc_column][vc_empty_space height=&#8221;600px&#8221;][\/vc_column][\/vc_row]<\/p>\n<\/section>","protected":false},"excerpt":{"rendered":"<p>[vc_row][vc_column][vc_empty_space height=&#8221;100px&#8221;][vc_column_text] Unser Ziel: die Welt zu inspirieren, indem wir unsere Leidenschaft f\u00fcr Beleuchtung, Stil und mediterrane Kultur teilen. [\/vc_column_text][vc_empty_space height=&#8221;100px&#8221;][\/vc_column][\/vc_row][vc_row full_width=&#8221;stretch_row&#8221; css=&#8221;.vc_custom_1701074270861{background-image: url(https:\/\/developing.newgarden.es\/wp-content\/uploads\/2023\/11\/Sin-titulo-3-2.jpg?id=52824) !important;background-position: center !important;background-repeat: no-repeat !important;background-size: cover<\/p>\n","protected":false},"author":1,"featured_media":52846,"parent":0,"menu_order":0,"comment_status":"closed","ping_status":"closed","template":"","meta":{"footnotes":""},"class_list":["post-55644","page","type-page","status-publish","has-post-thumbnail","hentry"],"_links":{"self":[{"href":"https:\/\/developing.newgarden.es\/de\/wp-json\/wp\/v2\/pages\/55644"}],"collection":[{"href":"https:\/\/developing.newgarden.es\/de\/wp-json\/wp\/v2\/pages"}],"about":[{"href":"https:\/\/developing.newgarden.es\/de\/wp-json\/wp\/v2\/types\/page"}],"author":[{"embeddable":true,"href":"https:\/\/developing.newgarden.es\/de\/wp-json\/wp\/v2\/users\/1"}],"replies":[{"embeddable":true,"href":"https:\/\/developing.newgarden.es\/de\/wp-json\/wp\/v2\/comments?post=55644"}],"version-history":[{"count":6,"href":"https:\/\/developing.newgarden.es\/de\/wp-json\/wp\/v2\/pages\/55644\/revisions"}],"predecessor-version":[{"id":65546,"href":"https:\/\/developing.newgarden.es\/de\/wp-json\/wp\/v2\/pages\/55644\/revisions\/65546"}],"wp:featuredmedia":[{"embeddable":true,"href":"https:\/\/developing.newgarden.es\/de\/wp-json\/wp\/v2\/media\/52846"}],"wp:attachment":[{"href":"https:\/\/developing.newgarden.es\/de\/wp-json\/wp\/v2\/media?parent=55644"}],"curies":[{"name":"wp","href":"https:\/\/api.w.org\/{rel}","templated":true}]}}