{"id":22180,"date":"2019-11-06T12:08:16","date_gmt":"2019-11-06T11:08:16","guid":{"rendered":"https:\/\/newgarden.es\/wo-sind-wir\/"},"modified":"2024-06-21T13:19:42","modified_gmt":"2024-06-21T11:19:42","slug":"wo-sind-wir","status":"publish","type":"page","link":"https:\/\/developing.newgarden.es\/de\/wo-sind-wir\/","title":{"rendered":"Wo sind wir"},"content":{"rendered":"<section class=\"wpb-content-wrapper\"><p>[vc_row full_width=&#8221;stretch_row_content_no_spaces&#8221; equal_height=&#8221;yes&#8221; css=&#8221;.vc_custom_1493734768347{margin-bottom: 20px !important;}&#8221;][vc_column width=&#8221;1\/2&#8243; css=&#8221;.vc_custom_1528294944564{background-image: url(https:\/\/developing.newgarden.es\/wp-content\/uploads\/2017\/06\/MAPA.jpg?id=15466) !important;background-position: center !important;background-repeat: no-repeat !important;background-size: cover !important;}&#8221;][\/vc_column][vc_column width=&#8221;1\/2&#8243; css=&#8221;.vc_custom_1493370064542{padding-top: 50px !important;padding-right: 50px !important;padding-bottom: 42px !important;padding-left: 50px !important;background-color: #e9e9e9 !important;}&#8221;][vc_custom_heading text=&#8221;Wir sind in 18 L\u00e4ndern pr\u00e4sent&#8221; font_container=&#8221;tag:h2|font_size:36|text_align:left|color:%23595959&#8243; google_fonts=&#8221;font_family:Lato%3A100%2C100italic%2C300%2C300italic%2Cregular%2Citalic%2C700%2C700italic%2C900%2C900italic|font_style:900%20bold%20regular%3A900%3Anormal&#8221;][vc_column_text]Sie finden unsere Produkte an Verkaufsstellen in mehr als 18 L\u00e4ndern auf 3 verschiedenen Kontinenten.<\/p>\n<p>Unser Ziel? Newgardear die Welt![\/vc_column_text][\/vc_column][\/vc_row][vc_row][vc_column][vc_empty_space height=&#8221;50px&#8221;][vc_custom_heading text=&#8221;VERKAUFSPUNKTE IN SPANIEN&#8221; font_container=&#8221;tag:h2|font_size:36px|text_align:center|color:%231a8bac&#8221; google_fonts=&#8221;font_family:Lato%3A100%2C100italic%2C300%2C300italic%2Cregular%2Citalic%2C700%2C700italic%2C900%2C900italic|font_style:900%20bold%20regular%3A900%3Anormal&#8221;][vc_empty_space height=&#8221;10px&#8221;][vc_column_text el_class=&#8221;texto_min&#8221;]Dekorieren Sie Ihr Zuhause oder Gesch\u00e4ft mit Newgarden-Produkten. Nutzen Sie unsere Suchmaschine f\u00fcr ausgew\u00e4hlte H\u00e4ndler, um eine Verkaufsstelle in Ihrer N\u00e4he zu finden.[\/vc_column_text][vc_empty_space height=&#8221;40px&#8221;][\/vc_column][\/vc_row][vc_row][vc_column][vc_column_text][wpsl][\/vc_column_text][vc_column_text][wpsl_map category=&#8221;tiendas&#8221;][\/vc_column_text][vc_empty_space height=&#8221;80px&#8221;][\/vc_column][\/vc_row][vc_row full_width=&#8221;stretch_row_content_no_spaces&#8221; equal_height=&#8221;yes&#8221; css=&#8221;.vc_custom_1493734768347{margin-bottom: 20px !important;}&#8221;][vc_column width=&#8221;1\/2&#8243; css=&#8221;.vc_custom_1528295900744{background-image: url(https:\/\/developing.newgarden.es\/wp-content\/uploads\/2017\/06\/SOFA.jpg?id=15481) !important;background-position: center !important;background-repeat: no-repeat !important;background-size: cover !important;}&#8221;][\/vc_column][vc_column width=&#8221;1\/2&#8243; css=&#8221;.vc_custom_1528358464810{padding-top: 50px !important;padding-right: 50px !important;padding-bottom: 42px !important;padding-left: 50px !important;background-color: #e9e9e9 !important;}&#8221;][vc_custom_heading text=&#8221;M\u00d6CHTEN SIE IHREN N\u00c4CHSTEN VERKAUFSPUNKT IN ANDEREN L\u00c4NDERN KENNEN?&#8221; font_container=&#8221;tag:h2|font_size:36|text_align:left|color:%23595959&#8243; google_fonts=&#8221;font_family:Lato%3A100%2C100italic%2C300%2C300italic%2Cregular%2Citalic%2C700%2C700italic%2C900%2C900italic|font_style:900%20bold%20regular%3A900%3Anormal&#8221;][vc_column_text]Kontaktieren Sie uns, wir helfen Ihnen gerne bei der Suche nach einem Gesch\u00e4ft in Ihrer N\u00e4he!<\/p>\n<p><strong>Europ\u00e4ische Zentral:<br \/>\n<\/strong>info@newgarden.es<br \/>\n+ 34 968 97 88 06<\/p>\n<p><strong>Amerikanische Delegation:<br \/>\n<\/strong>infomx@newgarden.es<br \/>\n+52 492 688 9983[\/vc_column_text][\/vc_column][\/vc_row][vc_row][vc_column][vc_empty_space height=&#8221;50px&#8221;][vc_custom_heading text=&#8221;WERDEN SIE VERTRIEBSPARTNER&#8221; font_container=&#8221;tag:h2|font_size:36px|text_align:center|color:%231a8bac&#8221; google_fonts=&#8221;font_family:Lato%3A100%2C100italic%2C300%2C300italic%2Cregular%2Citalic%2C700%2C700italic%2C900%2C900italic|font_style:900%20bold%20regular%3A900%3Anormal&#8221;][vc_empty_space height=&#8221;10px&#8221;][vc_column_text el_class=&#8221;texto_min&#8221;]<\/p>\n<div class=\"wpb_text_column wpb_content_element texto_min\">\n<div class=\"wpb_wrapper\">\n<p>Kannst du Newgardear helfen? Werden Sie Newgarden-H\u00e4ndler und bieten Sie Ihren Kunden ein neues Konzept attraktiver und lebendiger Dekoration.<\/p>\n<\/div>\n<\/div>\n<p>[\/vc_column_text][\/vc_column][\/vc_row]<\/p>\n<\/section>","protected":false},"excerpt":{"rendered":"<p>[vc_row full_width=&#8221;stretch_row_content_no_spaces&#8221; equal_height=&#8221;yes&#8221; css=&#8221;.vc_custom_1493734768347{margin-bottom: 20px !important;}&#8221;][vc_column width=&#8221;1\/2&#8243; css=&#8221;.vc_custom_1528294944564{background-image: url(https:\/\/developing.newgarden.es\/wp-content\/uploads\/2017\/06\/MAPA.jpg?id=15466) !important;background-position: center !important;background-repeat: no-repeat !important;background-size: cover !important;}&#8221;][\/vc_column][vc_column width=&#8221;1\/2&#8243; css=&#8221;.vc_custom_1493370064542{padding-top: 50px !important;padding-right: 50px !important;padding-bottom: 42px !important;padding-left: 50px !important;background-color: #e9e9e9 !important;}&#8221;][vc_custom_heading text=&#8221;Wir sind<\/p>\n","protected":false},"author":1,"featured_media":0,"parent":0,"menu_order":0,"comment_status":"closed","ping_status":"closed","template":"","meta":{"footnotes":""},"class_list":["post-22180","page","type-page","status-publish","hentry"],"_links":{"self":[{"href":"https:\/\/developing.newgarden.es\/de\/wp-json\/wp\/v2\/pages\/22180"}],"collection":[{"href":"https:\/\/developing.newgarden.es\/de\/wp-json\/wp\/v2\/pages"}],"about":[{"href":"https:\/\/developing.newgarden.es\/de\/wp-json\/wp\/v2\/types\/page"}],"author":[{"embeddable":true,"href":"https:\/\/developing.newgarden.es\/de\/wp-json\/wp\/v2\/users\/1"}],"replies":[{"embeddable":true,"href":"https:\/\/developing.newgarden.es\/de\/wp-json\/wp\/v2\/comments?post=22180"}],"version-history":[{"count":3,"href":"https:\/\/developing.newgarden.es\/de\/wp-json\/wp\/v2\/pages\/22180\/revisions"}],"predecessor-version":[{"id":22187,"href":"https:\/\/developing.newgarden.es\/de\/wp-json\/wp\/v2\/pages\/22180\/revisions\/22187"}],"wp:attachment":[{"href":"https:\/\/developing.newgarden.es\/de\/wp-json\/wp\/v2\/media?parent=22180"}],"curies":[{"name":"wp","href":"https:\/\/api.w.org\/{rel}","templated":true}]}}