{"id":22129,"date":"2019-11-06T11:45:12","date_gmt":"2019-11-06T10:45:12","guid":{"rendered":"https:\/\/newgarden.es\/uber-uns\/"},"modified":"2024-06-21T13:21:56","modified_gmt":"2024-06-21T11:21:56","slug":"uber-uns","status":"publish","type":"page","link":"https:\/\/developing.newgarden.es\/de\/uber-uns\/","title":{"rendered":"\u00dcber uns"},"content":{"rendered":"<section class=\"wpb-content-wrapper\"><p>[vc_row][vc_column el_class=&#8221;wrap_imagen_empresa&#8221;][vc_column_text]<\/p>\n<div style=\"position: relative; padding-bottom: 56.25%; padding-top: 30px; height: 0; overflow: hidden;\"><iframe style=\"position: absolute; top: 0; left: 0; width: 100%; height: 100%;\" src=\"https:\/\/www.youtube.com\/embed\/CazOI0f6eh8?autoplay=1&amp;mute=1\" width=\"560\" height=\"315\" frameborder=\"0\" allowfullscreen=\"allowfullscreen\"><\/iframe><\/div>\n<p>[\/vc_column_text][\/vc_column][\/vc_row][vc_row][vc_column][vc_empty_space][vc_custom_heading text=&#8221;NEWGARDEN&#8221; font_container=&#8221;tag:h2|font_size:36|text_align:center|color:%231a8bac&#8221; google_fonts=&#8221;font_family:Lato%3A100%2C100italic%2C300%2C300italic%2Cregular%2Citalic%2C700%2C700italic%2C900%2C900italic|font_style:900%20bold%20regular%3A900%3Anormal&#8221;][vc_empty_space height=&#8221;25px&#8221;][\/vc_column][\/vc_row][vc_row][vc_column width=&#8221;1\/2&#8243;][vc_column_text]<\/p>\n<p style=\"text-align: justify;\">Wir beginnen mit der Einf\u00fchrung einer Reihe von <strong>Outdoor-Macetry<\/strong>aus <strong>Polyethylen<\/strong>it einer gro\u00dfen Auswahl an <strong>Farben und Trendtexturen<\/strong>. Nach dem Erfolg der Kampagne und nachdem wir die zahlreichen Qualit\u00e4ten dieser Art von Kunststoff best\u00e4tigt haben, wollen wir einen neuen Markt in der Welt der Gartenbeleuchtung er\u00f6ffnen.<\/p>\n<p style=\"text-align: justify;\">Der <strong>Designbeitrag<\/strong>in Kombination mit den fantastischen Eigenschaften von Kunststoff und der preislichen Wettbewerbsf\u00e4higkeit hat uns zu einem der wichtigsten <strong>nationalen Distributoren<\/strong>der Branche gemacht.<\/p>\n<p>[\/vc_column_text][\/vc_column][vc_column width=&#8221;1\/2&#8243;][vc_column_text]<\/p>\n<p style=\"text-align: justify;\">W\u00e4hrend das Unternehmen in <strong>mehr als 18 L\u00e4ndern<\/strong>weltweit weiter wuchs und sich konsolidierte, haben wir unsere Ziele gest\u00e4rkt. Wir erweitern unseren Katalog um eine <strong>neue Reihe von Gartenm\u00f6beln<\/strong>, die auf eine technologische Linie der Zukunft setzen.<\/p>\n<p style=\"text-align: justify;\">Heute wird eine enthusiastische Zukunft voller spannender Projekte und voller neuer <strong>Ziele pr\u00e4sentiert<\/strong>. Mit einem soliden und engagierten Team, das daran arbeitet, auf den Kunden abgestimmte Produkte zu kreieren, den Begriff &#8220;<strong>emotionale M\u00f6bel<\/strong>&#8221; in unserem Wortschatz zu pr\u00e4gen<em> <\/em>und Design und Technologie zu unserem Markenzeichen zu machen.<\/p>\n<p>[\/vc_column_text][\/vc_column][\/vc_row][vc_row][vc_column][vc_empty_space height=&#8221;50px&#8221;][vc_column_text el_class=&#8221;titulo_line&#8221;]INSPIRIERT, DESIGNIERT UND HERGESTELLT IN SPANIEN[\/vc_column_text][\/vc_column][\/vc_row][vc_row][vc_column width=&#8221;1\/4&#8243;][vc_single_image image=&#8221;7292&#8243; img_size=&#8221;full&#8221;][\/vc_column][vc_column width=&#8221;1\/4&#8243;][vc_single_image image=&#8221;7293&#8243; img_size=&#8221;full&#8221;][\/vc_column][vc_column width=&#8221;1\/4&#8243;][vc_single_image image=&#8221;7294&#8243; img_size=&#8221;full&#8221;][\/vc_column][vc_column width=&#8221;1\/4&#8243;][vc_single_image image=&#8221;7295&#8243; img_size=&#8221;full&#8221;][\/vc_column][\/vc_row]<\/p>\n<\/section>","protected":false},"excerpt":{"rendered":"<p>[vc_row][vc_column el_class=&#8221;wrap_imagen_empresa&#8221;][vc_column_text] [\/vc_column_text][\/vc_column][\/vc_row][vc_row][vc_column][vc_empty_space][vc_custom_heading text=&#8221;NEWGARDEN&#8221; font_container=&#8221;tag:h2|font_size:36|text_align:center|color:%231a8bac&#8221; google_fonts=&#8221;font_family:Lato%3A100%2C100italic%2C300%2C300italic%2Cregular%2Citalic%2C700%2C700italic%2C900%2C900italic|font_style:900%20bold%20regular%3A900%3Anormal&#8221;][vc_empty_space height=&#8221;25px&#8221;][\/vc_column][\/vc_row][vc_row][vc_column width=&#8221;1\/2&#8243;][vc_column_text] Wir beginnen mit der Einf\u00fchrung einer Reihe von Outdoor-Macetryaus Polyethylenit einer gro\u00dfen Auswahl an Farben und Trendtexturen. Nach dem Erfolg der Kampagne<\/p>\n","protected":false},"author":1,"featured_media":0,"parent":0,"menu_order":0,"comment_status":"closed","ping_status":"closed","template":"","meta":{"footnotes":""},"class_list":["post-22129","page","type-page","status-publish","hentry"],"_links":{"self":[{"href":"https:\/\/developing.newgarden.es\/de\/wp-json\/wp\/v2\/pages\/22129"}],"collection":[{"href":"https:\/\/developing.newgarden.es\/de\/wp-json\/wp\/v2\/pages"}],"about":[{"href":"https:\/\/developing.newgarden.es\/de\/wp-json\/wp\/v2\/types\/page"}],"author":[{"embeddable":true,"href":"https:\/\/developing.newgarden.es\/de\/wp-json\/wp\/v2\/users\/1"}],"replies":[{"embeddable":true,"href":"https:\/\/developing.newgarden.es\/de\/wp-json\/wp\/v2\/comments?post=22129"}],"version-history":[{"count":4,"href":"https:\/\/developing.newgarden.es\/de\/wp-json\/wp\/v2\/pages\/22129\/revisions"}],"predecessor-version":[{"id":22140,"href":"https:\/\/developing.newgarden.es\/de\/wp-json\/wp\/v2\/pages\/22129\/revisions\/22140"}],"wp:attachment":[{"href":"https:\/\/developing.newgarden.es\/de\/wp-json\/wp\/v2\/media?parent=22129"}],"curies":[{"name":"wp","href":"https:\/\/api.w.org\/{rel}","templated":true}]}}